{"id":1020,"date":"2018-08-08T09:46:09","date_gmt":"2018-08-08T07:46:09","guid":{"rendered":"http:\/\/vorujahimeesteselts.ee\/?page_id=1020"},"modified":"2018-09-13T15:16:05","modified_gmt":"2018-09-13T13:16:05","slug":"jarvere-snaiper-2018","status":"publish","type":"page","link":"http:\/\/vorujahimeesteselts.ee\/?page_id=1020","title":{"rendered":"J\u00c4RVERE SNAIPER 2018"},"content":{"rendered":"<p><strong>V\u00f5itja 2018 &#8211; Mait Kivi 53 silma 60 st v\u00f5imalikust.<\/strong><\/p>\n<p>V\u00f5istlus toimub 8 septembril 2018, algusega kell 9.00, J\u00e4rvere lasketiirus.<\/p>\n<p>Lastakse vintrelvast 5 lasku distantsilt 100 m, abivahendiga \u00f5hup\u00fcssi m\u00e4rklehte.<br \/>\nAbivahendid: alpikepp<br \/>\np\u00fcssitugi 1,2 v\u00f5i 3 tugijalaga<br \/>\nisevalmistatud \u2013 tingimusel, et p\u00fcss ei p\u00fcsiks horisontaalasendis ilma laskurita.<br \/>\nKasutada v\u00f5ib \u00fchte vahendit korraga.<br \/>\nTulemuste arvestamine:<br \/>\nKui leiame 12 tabamisalaga m\u00e4rklehe, kasutame seda.<br \/>\nKui ei leia, siis kasutame 10 tabamisalaga lehte, aga 10 loeme 10,1; 10,2; jne. S\u00f5ltuvalt sellest, kui l\u00e4hedal on tabamise auk tsentrile.<br \/>\nV\u00f5itjat autasustatakse jahinoaga, millel on graveering \u201cJ\u00c4RVERE SNAIPER 2018\u2033.<br \/>\nV\u00f5rdsete tulemuste puhul \u00fcmberrlaskmine eksimiseni.<\/p>\n<p><a href=\"http:\/\/vorujahimeesteselts.ee\/wp-content\/uploads\/2018\/08\/IMG_1837.jpg\"><img decoding=\"async\" loading=\"lazy\" class=\"alignleft  wp-image-1017\" src=\"http:\/\/vorujahimeesteselts.ee\/wp-content\/uploads\/2018\/08\/IMG_1837.jpg\" alt=\"IMG_1837\" width=\"909\" height=\"606\" srcset=\"http:\/\/vorujahimeesteselts.ee\/wp-content\/uploads\/2018\/08\/IMG_1837.jpg 3504w, http:\/\/vorujahimeesteselts.ee\/wp-content\/uploads\/2018\/08\/IMG_1837-300x200.jpg 300w, http:\/\/vorujahimeesteselts.ee\/wp-content\/uploads\/2018\/08\/IMG_1837-1024x683.jpg 1024w, http:\/\/vorujahimeesteselts.ee\/wp-content\/uploads\/2018\/08\/IMG_1837-945x630.jpg 945w, http:\/\/vorujahimeesteselts.ee\/wp-content\/uploads\/2018\/08\/IMG_1837-600x400.jpg 600w\" sizes=\"(max-width: 909px) 100vw, 909px\" \/><\/a><\/p>\n","protected":false},"excerpt":{"rendered":"<p>V\u00f5itja 2018 &#8211; Mait Kivi 53 silma 60 st v\u00f5imalikust. V\u00f5istlus toimub 8 septembril 2018, algusega kell 9.00, J\u00e4rvere lasketiirus. Lastakse vintrelvast 5 lasku distantsilt 100 m, abivahendiga \u00f5hup\u00fcssi m\u00e4rklehte. Abivahendid: alpikepp p\u00fcssitugi 1,2 v\u00f5i 3 tugijalaga isevalmistatud \u2013 tingimusel,&#8230; <a class=\"more-link\" href=\"http:\/\/vorujahimeesteselts.ee\/?page_id=1020\">Continue Reading &rarr;<\/a><\/p>\n","protected":false},"author":1,"featured_media":0,"parent":0,"menu_order":0,"comment_status":"closed","ping_status":"closed","template":"","meta":{"ngg_post_thumbnail":0},"_links":{"self":[{"href":"http:\/\/vorujahimeesteselts.ee\/index.php?rest_route=\/wp\/v2\/pages\/1020"}],"collection":[{"href":"http:\/\/vorujahimeesteselts.ee\/index.php?rest_route=\/wp\/v2\/pages"}],"about":[{"href":"http:\/\/vorujahimeesteselts.ee\/index.php?rest_route=\/wp\/v2\/types\/page"}],"author":[{"embeddable":true,"href":"http:\/\/vorujahimeesteselts.ee\/index.php?rest_route=\/wp\/v2\/users\/1"}],"replies":[{"embeddable":true,"href":"http:\/\/vorujahimeesteselts.ee\/index.php?rest_route=%2Fwp%2Fv2%2Fcomments&post=1020"}],"version-history":[{"count":4,"href":"http:\/\/vorujahimeesteselts.ee\/index.php?rest_route=\/wp\/v2\/pages\/1020\/revisions"}],"predecessor-version":[{"id":1095,"href":"http:\/\/vorujahimeesteselts.ee\/index.php?rest_route=\/wp\/v2\/pages\/1020\/revisions\/1095"}],"wp:attachment":[{"href":"http:\/\/vorujahimeesteselts.ee\/index.php?rest_route=%2Fwp%2Fv2%2Fmedia&parent=1020"}],"curies":[{"name":"wp","href":"https:\/\/api.w.org\/{rel}","templated":true}]}}