{"id":1029,"date":"2018-08-08T10:04:35","date_gmt":"2018-08-08T08:04:35","guid":{"rendered":"http:\/\/vorujahimeesteselts.ee\/?page_id=1029"},"modified":"2018-09-13T15:15:07","modified_gmt":"2018-09-13T13:15:07","slug":"voru-karikas-2018","status":"publish","type":"page","link":"http:\/\/vorujahimeesteselts.ee\/?page_id=1029","title":{"rendered":"V\u00d5RU KARIKAS 2018"},"content":{"rendered":"<p><a href=\"http:\/\/vorujahimeesteselts.ee\/wp-content\/uploads\/2018\/09\/V%C3%B5ru_karikas_JM-_2018.pdf\">Tulemused<\/a><\/p>\n<p>V\u00f5istlus toimub 8 septembril 2018, J\u00e4rvere lasketiirus, algusega kell 10.00.<br \/>\nLastakse metssiga 50 m distantsilt vintrelvast.<br \/>\nV\u00f5istluse kulg:<br \/>\nP\u00fcss laetakse 2 padruniga siluett seisab keskel.<br \/>\nSTART: lastakse lask paremasse ja lask vasakusse siluetti.<br \/>\nP\u00fcss lauale ja joostakse 2 ringi \u00fcmber valli.<br \/>\nP\u00fcss laetakse 2 padruniga ja k\u00fcsitakse m\u00e4rklehtede jooksu.<br \/>\nLastakse m\u00f5lemat m\u00e4rklehte \u2013 siga.<br \/>\nM\u00e4rkleht \u2013 siga on n\u00e4htav 24m ja liigub m\u00e4rkleht \u2013 p\u00f5der kiirusega.<br \/>\nP\u00fcss pannakse lauale ja joostakse 2 tiiru \u00fcmber valli.<br \/>\nP\u00fcss laetakse 2 padruniga ja k\u00fcsitakse m\u00e4rklehtede jooksu.<br \/>\nLastakse m\u00f5lemat m\u00e4rklehte \u2013 siga. Viimase lasuga seisatakse stopper.<\/p>\n<p>Iga saamataj\u00e4\u00e4nud punkt lisab ajale 1 sekundi.<br \/>\nV\u00f5rdsete tulemuste karral dubleede \u00fcmberlaskmine.<br \/>\nV\u00f5itjat autasustatakse V\u00f5ru r\u00e4ndkarikaga.<br \/>\nEelmise aasta v\u00f5itja Kusti Serv<\/p>\n<p><a href=\"http:\/\/vorujahimeesteselts.ee\/wp-content\/uploads\/2018\/08\/P1510827.jpg\"><img decoding=\"async\" loading=\"lazy\" class=\"alignleft  wp-image-1026\" src=\"http:\/\/vorujahimeesteselts.ee\/wp-content\/uploads\/2018\/08\/P1510827.jpg\" alt=\"P1510827\" width=\"696\" height=\"465\" srcset=\"http:\/\/vorujahimeesteselts.ee\/wp-content\/uploads\/2018\/08\/P1510827.jpg 4272w, http:\/\/vorujahimeesteselts.ee\/wp-content\/uploads\/2018\/08\/P1510827-300x201.jpg 300w, http:\/\/vorujahimeesteselts.ee\/wp-content\/uploads\/2018\/08\/P1510827-1024x685.jpg 1024w, http:\/\/vorujahimeesteselts.ee\/wp-content\/uploads\/2018\/08\/P1510827-945x632.jpg 945w, http:\/\/vorujahimeesteselts.ee\/wp-content\/uploads\/2018\/08\/P1510827-600x401.jpg 600w\" sizes=\"(max-width: 696px) 100vw, 696px\" \/><\/a><\/p>\n","protected":false},"excerpt":{"rendered":"<p>Tulemused V\u00f5istlus toimub 8 septembril 2018, J\u00e4rvere lasketiirus, algusega kell 10.00. Lastakse metssiga 50 m distantsilt vintrelvast. V\u00f5istluse kulg: P\u00fcss laetakse 2 padruniga siluett seisab keskel. START: lastakse lask paremasse ja lask vasakusse siluetti. P\u00fcss lauale ja joostakse 2 ringi&#8230; <a class=\"more-link\" href=\"http:\/\/vorujahimeesteselts.ee\/?page_id=1029\">Continue Reading &rarr;<\/a><\/p>\n","protected":false},"author":1,"featured_media":0,"parent":0,"menu_order":0,"comment_status":"closed","ping_status":"closed","template":"","meta":{"ngg_post_thumbnail":0},"_links":{"self":[{"href":"http:\/\/vorujahimeesteselts.ee\/index.php?rest_route=\/wp\/v2\/pages\/1029"}],"collection":[{"href":"http:\/\/vorujahimeesteselts.ee\/index.php?rest_route=\/wp\/v2\/pages"}],"about":[{"href":"http:\/\/vorujahimeesteselts.ee\/index.php?rest_route=\/wp\/v2\/types\/page"}],"author":[{"embeddable":true,"href":"http:\/\/vorujahimeesteselts.ee\/index.php?rest_route=\/wp\/v2\/users\/1"}],"replies":[{"embeddable":true,"href":"http:\/\/vorujahimeesteselts.ee\/index.php?rest_route=%2Fwp%2Fv2%2Fcomments&post=1029"}],"version-history":[{"count":3,"href":"http:\/\/vorujahimeesteselts.ee\/index.php?rest_route=\/wp\/v2\/pages\/1029\/revisions"}],"predecessor-version":[{"id":1094,"href":"http:\/\/vorujahimeesteselts.ee\/index.php?rest_route=\/wp\/v2\/pages\/1029\/revisions\/1094"}],"wp:attachment":[{"href":"http:\/\/vorujahimeesteselts.ee\/index.php?rest_route=%2Fwp%2Fv2%2Fmedia&parent=1029"}],"curies":[{"name":"wp","href":"https:\/\/api.w.org\/{rel}","templated":true}]}}