{"id":1043,"date":"2018-08-22T12:01:06","date_gmt":"2018-08-22T10:01:06","guid":{"rendered":"http:\/\/vorujahimeesteselts.ee\/?page_id=1043"},"modified":"2018-08-22T12:01:06","modified_gmt":"2018-08-22T10:01:06","slug":"koolitus-18-august-2018-antsla-jahimaja","status":"publish","type":"page","link":"http:\/\/vorujahimeesteselts.ee\/?page_id=1043","title":{"rendered":"KOOLITUS 18 AUGUST 2018 ANTSLA JAHIMAJA"},"content":{"rendered":"<p align=\"CENTER\"><span style=\"color: #984806;\"><span style=\"font-family: Times New Roman, serif;\"><span style=\"font-size: large;\"><b>V\u00f5rumaa Jahimeeste Seltsi \u00fchiskoost\u00f6\u00f6 Leader projekt<\/b><\/span><\/span><\/span><\/p>\n<p align=\"CENTER\"><span style=\"color: #984806;\"> \u201e<span style=\"font-family: Times New Roman, serif;\"><span style=\"font-size: large;\"><b>Ulukisaaduste kasutusala laiendamine kogukonnas\u201c (viite nr 619217863114)<\/b><\/span><\/span><\/span><\/p>\n<p align=\"CENTER\"><span style=\"color: #365f91;\"><span style=\"font-family: Times New Roman, serif;\"><span style=\"font-size: large;\"><b>Ulukiliha t\u00f6\u00f6tlemise ja -toitude valmistamise koolitused Antsla jahimajas <\/b><\/span><\/span><\/span><\/p>\n<p align=\"CENTER\"><span style=\"color: #365f91;\"><span style=\"font-family: Times New Roman, serif;\"><span style=\"font-size: large;\"><b>18.augustil 2018<\/b><\/span><\/span><\/span><\/p>\n<p align=\"JUSTIFY\"><span style=\"font-family: Times New Roman, serif;\"><span style=\"font-size: large;\"><b>P\u00c4EVAKAVA:<\/b><\/span><\/span><\/p>\n<p align=\"JUSTIFY\"><span style=\"font-family: Times New Roman, serif;\"><span style=\"font-size: large;\">12:30-13:00 Kogunemine Antsla jahimaja juures<\/span><\/span><\/p>\n<p align=\"JUSTIFY\"><span style=\"font-family: Times New Roman, serif;\"><span style=\"font-size: large;\">13:00-15:00 Ulukiliha t\u00f6\u00f6tlemise koolitus Antsla jahimajas (koolitaja Kaido P\u00f5der, O\u00dc <\/span><\/span><\/p>\n<p align=\"JUSTIFY\"><span style=\"font-family: Times New Roman, serif;\"><span style=\"font-size: large;\">Lihamees)<\/span><\/span><\/p>\n<p align=\"JUSTIFY\"><span style=\"font-family: Times New Roman, serif;\"><span style=\"font-size: large;\">15:00-17:00 Ulukilihast toitude valmistamise koolitus Antsla jahimajas (koolitaja Kaido <\/span><\/span><\/p>\n<p align=\"JUSTIFY\"><span style=\"font-family: Times New Roman, serif;\"><span style=\"font-size: large;\">P\u00f5der, O\u00dc Lihamees)<\/span><\/span><\/p>\n","protected":false},"excerpt":{"rendered":"<p>V\u00f5rumaa Jahimeeste Seltsi \u00fchiskoost\u00f6\u00f6 Leader projekt \u201eUlukisaaduste kasutusala laiendamine kogukonnas\u201c (viite nr 619217863114) Ulukiliha t\u00f6\u00f6tlemise ja -toitude valmistamise koolitused Antsla jahimajas 18.augustil 2018 P\u00c4EVAKAVA: 12:30-13:00 Kogunemine Antsla jahimaja juures 13:00-15:00 Ulukiliha t\u00f6\u00f6tlemise koolitus Antsla jahimajas (koolitaja Kaido P\u00f5der, O\u00dc Lihamees)&#8230; <a class=\"more-link\" href=\"http:\/\/vorujahimeesteselts.ee\/?page_id=1043\">Continue Reading &rarr;<\/a><\/p>\n","protected":false},"author":1,"featured_media":0,"parent":0,"menu_order":0,"comment_status":"closed","ping_status":"closed","template":"","meta":{"ngg_post_thumbnail":0},"_links":{"self":[{"href":"http:\/\/vorujahimeesteselts.ee\/index.php?rest_route=\/wp\/v2\/pages\/1043"}],"collection":[{"href":"http:\/\/vorujahimeesteselts.ee\/index.php?rest_route=\/wp\/v2\/pages"}],"about":[{"href":"http:\/\/vorujahimeesteselts.ee\/index.php?rest_route=\/wp\/v2\/types\/page"}],"author":[{"embeddable":true,"href":"http:\/\/vorujahimeesteselts.ee\/index.php?rest_route=\/wp\/v2\/users\/1"}],"replies":[{"embeddable":true,"href":"http:\/\/vorujahimeesteselts.ee\/index.php?rest_route=%2Fwp%2Fv2%2Fcomments&post=1043"}],"version-history":[{"count":1,"href":"http:\/\/vorujahimeesteselts.ee\/index.php?rest_route=\/wp\/v2\/pages\/1043\/revisions"}],"predecessor-version":[{"id":1045,"href":"http:\/\/vorujahimeesteselts.ee\/index.php?rest_route=\/wp\/v2\/pages\/1043\/revisions\/1045"}],"wp:attachment":[{"href":"http:\/\/vorujahimeesteselts.ee\/index.php?rest_route=%2Fwp%2Fv2%2Fmedia&parent=1043"}],"curies":[{"name":"wp","href":"https:\/\/api.w.org\/{rel}","templated":true}]}}