{"id":117,"date":"2014-08-14T23:07:32","date_gmt":"2014-08-14T20:07:32","guid":{"rendered":"http:\/\/vorujahimeesteselts.ee\/?page_id=117"},"modified":"2022-06-06T09:08:40","modified_gmt":"2022-06-06T07:08:40","slug":"blanketid","status":"publish","type":"page","link":"http:\/\/vorujahimeesteselts.ee\/?page_id=117","title":{"rendered":"BLANKETID"},"content":{"rendered":"<p><a href=\"http:\/\/vorujahimeesteselts.ee\/wp-content\/uploads\/2022\/06\/Taotlus-Eesti-jahitunnistus-1-ankeet_2020.doc\">Jahitunnistuse taotlus<\/a><\/p>\n<p><a href=\"http:\/\/vorujahimeesteselts.ee\/wp-content\/uploads\/2014\/08\/Taotlus-UUS-2015.pdf\">Taotlus jahitunnistuse saamiseks\/ pikendamiseks\/ vahetamiseks<\/a><\/p>\n<p><a href=\"http:\/\/vorujahimeesteselts.ee\/wp-content\/uploads\/2014\/08\/Jahist_osavotjate_nimekiri_24.pdf\">\u00dchisjahist osavotjate nimekiri<\/a><\/p>\n<p><a href=\"http:\/\/vorujahimeesteselts.ee\/wp-content\/uploads\/2014\/08\/\u00dchisjahi-nimekiri-v\u00f5ru-keeles.pdf\">\u00dchisjahist osav\u00f5tjate nimekiri v\u00f5ru kees<\/a><\/p>\n<p><a href=\"https:\/\/www.keskkonnaagentuur.ee\/et\/ulukivaatluslehed\">Vaatluslehed, ankeedid, juhendid<\/a><\/p>\n<p><a href=\"https:\/\/www.keskkonnaagentuur.ee\/et\/e-teenused\/eesti-riikliku-bioloogilise-mitmekesisuse-teabevorgustiku-koduleht\/sektoriaalne-4\">Keskkonnaagentuuri jahinduse leht<\/a><\/p>\n<p><a href=\"http:\/\/vorujahimeesteselts.ee\/wp-content\/uploads\/2014\/11\/Deklaratsioon_uluki_esmakontrolli_kohta.pdf\">Uluki esmakontrolli deklaratsioon, kui soovitakse ulukir\u00fcmpa m\u00fc\u00fca<\/a><\/p>\n<p><a href=\"http:\/\/vorujahimeesteselts.ee\/wp-content\/uploads\/2014\/11\/ULEANDMINE-1-paev.pdf\">Jahirelva ja laskemoona \u00fcleandmise, vastuv\u00f5tmise akt 1 \u00f6\u00f6p\u00e4evaks<\/a><br \/>\n<a href=\"http:\/\/vorujahimeesteselts.ee\/wp-content\/uploads\/2014\/11\/ULEANDMINE-5-paeva.pdf\">Jahirelva ja laskemoona \u00fcleandmise, vastuv\u00f5tmise akt 5 \u00f6\u00f6p\u00e4evaks<\/a><\/p>\n","protected":false},"excerpt":{"rendered":"<p>Jahitunnistuse taotlus Taotlus jahitunnistuse saamiseks\/ pikendamiseks\/ vahetamiseks \u00dchisjahist osavotjate nimekiri \u00dchisjahist osav\u00f5tjate nimekiri v\u00f5ru kees Vaatluslehed, ankeedid, juhendid Keskkonnaagentuuri jahinduse leht Uluki esmakontrolli deklaratsioon, kui soovitakse ulukir\u00fcmpa m\u00fc\u00fca Jahirelva ja laskemoona \u00fcleandmise, vastuv\u00f5tmise akt 1 \u00f6\u00f6p\u00e4evaks Jahirelva ja laskemoona \u00fcleandmise,&#8230; <a class=\"more-link\" href=\"http:\/\/vorujahimeesteselts.ee\/?page_id=117\">Continue Reading &rarr;<\/a><\/p>\n","protected":false},"author":1,"featured_media":0,"parent":0,"menu_order":0,"comment_status":"closed","ping_status":"open","template":"","meta":{"ngg_post_thumbnail":0},"_links":{"self":[{"href":"http:\/\/vorujahimeesteselts.ee\/index.php?rest_route=\/wp\/v2\/pages\/117"}],"collection":[{"href":"http:\/\/vorujahimeesteselts.ee\/index.php?rest_route=\/wp\/v2\/pages"}],"about":[{"href":"http:\/\/vorujahimeesteselts.ee\/index.php?rest_route=\/wp\/v2\/types\/page"}],"author":[{"embeddable":true,"href":"http:\/\/vorujahimeesteselts.ee\/index.php?rest_route=\/wp\/v2\/users\/1"}],"replies":[{"embeddable":true,"href":"http:\/\/vorujahimeesteselts.ee\/index.php?rest_route=%2Fwp%2Fv2%2Fcomments&post=117"}],"version-history":[{"count":27,"href":"http:\/\/vorujahimeesteselts.ee\/index.php?rest_route=\/wp\/v2\/pages\/117\/revisions"}],"predecessor-version":[{"id":1625,"href":"http:\/\/vorujahimeesteselts.ee\/index.php?rest_route=\/wp\/v2\/pages\/117\/revisions\/1625"}],"wp:attachment":[{"href":"http:\/\/vorujahimeesteselts.ee\/index.php?rest_route=%2Fwp%2Fv2%2Fmedia&parent=117"}],"curies":[{"name":"wp","href":"https:\/\/api.w.org\/{rel}","templated":true}]}}