{"id":1557,"date":"2021-09-30T10:52:55","date_gmt":"2021-09-30T08:52:55","guid":{"rendered":"http:\/\/vorujahimeesteselts.ee\/?page_id=1557"},"modified":"2022-10-21T14:24:14","modified_gmt":"2022-10-21T12:24:14","slug":"trofeed","status":"publish","type":"page","link":"http:\/\/vorujahimeesteselts.ee\/?page_id=1557","title":{"rendered":"TROFEED"},"content":{"rendered":"\n<p><a href=\"https:\/\/datastudio.google.com\/reporting\/eedf0655-c886-4f7f-b536-6422b2170154\">Eesti trofeede register<\/a><\/p>\n\n\n\n<p style=\"font-size:11px\">Allikas https:\/\/register.keskkonnaportaal.ee\/register. CSV fail seisuga 18.10.2022.<\/p>\n\n\n\n<p><a href=\"https:\/\/datastudio.google.com\/reporting\/4d76714f-fe2c-4414-b66b-eb3f3bb74de6\">Eesti p\u00f5dratrofeed<\/a><\/p>\n\n\n\n<p><a href=\"https:\/\/datastudio.google.com\/reporting\/80122cad-86ec-4755-86f5-38b2dc5dc8b1\">Eesti hirvetrofeed<\/a><\/p>\n\n\n\n<p><a href=\"https:\/\/datastudio.google.com\/reporting\/4ec2d9c6-c9b1-4677-b0d9-981af4c38be0\">Eesti metsseatrofeed<\/a><\/p>\n\n\n\n<p><a href=\"https:\/\/datastudio.google.com\/reporting\/ea0a87bc-8e20-4d6b-9fac-389e2517f889\">Eesti sokutrofeed<\/a><\/p>\n\n\n\n<p>Kuna algandmetes on k\u00fcttimise kuup\u00e4evaks tihti vaid aasta, siis sel juhul on need muudetud kuup\u00e4evaks 01 jaanuar, et saavutada kuup\u00e4eva andmev\u00e4lja v\u00f5imalikkus.<\/p>\n\n\n\n<p>P\u00f5hiandmev\u00e4lja p\u00e4ises klikates saab erinevaid omadus j\u00e4rjestada. N\u00e4iteks soovid n\u00e4ha suurima kaaluga hirvesarvi, siis tee \u00fcks klikk p\u00e4ises &#8220;Kaal&#8221; juures. Teine klikk samas kohas j\u00e4rjestab kaalu alates v\u00e4ikseimast.<\/p>\n\n\n\n<p>Kui soovid enda k\u00fctitud uluki trofeed v\u00f5rrelda s\u00f5bra v\u00f5i s\u00f5prade omadega, siis klikka nupul K\u00dcTT tee klikk &#8220;Type to search&#8221; v\u00e4ljal ja kirjuta oma nimi. Kursori nime taha viies ilmud klahv &#8220;Only&#8221;, vajutaga sellele ja olete enda k\u00fctitud trofee v\u00f5i trofeed valinud. Tehke uuesti klikk otsimise v\u00e4lja, kustutage vajaduse sealt tekst ja sisestage s\u00f5bra nimi. N\u00fc\u00fcd aga tehke klikk nime ees olevas kastis. Samamoodi toimides saab v\u00f5rdlusess panna mitu trofeed v\u00f5i maakonda v\u00f5i jahipiirkonda.<\/p>\n\n\n\n<p>Head uudistamist.<\/p>\n\n\n\n<p><\/p>\n","protected":false},"excerpt":{"rendered":"<p>Eesti trofeede register Allikas https:\/\/register.keskkonnaportaal.ee\/register. CSV fail seisuga 18.10.2022. Eesti p\u00f5dratrofeed Eesti hirvetrofeed Eesti metsseatrofeed Eesti sokutrofeed Kuna algandmetes on k\u00fcttimise kuup\u00e4evaks tihti vaid aasta, siis sel juhul on need muudetud kuup\u00e4evaks 01 jaanuar, et saavutada kuup\u00e4eva andmev\u00e4lja v\u00f5imalikkus. P\u00f5hiandmev\u00e4lja&#8230; <a class=\"more-link\" href=\"http:\/\/vorujahimeesteselts.ee\/?page_id=1557\">Continue Reading &rarr;<\/a><\/p>\n","protected":false},"author":1,"featured_media":0,"parent":0,"menu_order":0,"comment_status":"closed","ping_status":"closed","template":"","meta":{"ngg_post_thumbnail":0},"_links":{"self":[{"href":"http:\/\/vorujahimeesteselts.ee\/index.php?rest_route=\/wp\/v2\/pages\/1557"}],"collection":[{"href":"http:\/\/vorujahimeesteselts.ee\/index.php?rest_route=\/wp\/v2\/pages"}],"about":[{"href":"http:\/\/vorujahimeesteselts.ee\/index.php?rest_route=\/wp\/v2\/types\/page"}],"author":[{"embeddable":true,"href":"http:\/\/vorujahimeesteselts.ee\/index.php?rest_route=\/wp\/v2\/users\/1"}],"replies":[{"embeddable":true,"href":"http:\/\/vorujahimeesteselts.ee\/index.php?rest_route=%2Fwp%2Fv2%2Fcomments&post=1557"}],"version-history":[{"count":8,"href":"http:\/\/vorujahimeesteselts.ee\/index.php?rest_route=\/wp\/v2\/pages\/1557\/revisions"}],"predecessor-version":[{"id":1679,"href":"http:\/\/vorujahimeesteselts.ee\/index.php?rest_route=\/wp\/v2\/pages\/1557\/revisions\/1679"}],"wp:attachment":[{"href":"http:\/\/vorujahimeesteselts.ee\/index.php?rest_route=%2Fwp%2Fv2%2Fmedia&parent=1557"}],"curies":[{"name":"wp","href":"https:\/\/api.w.org\/{rel}","templated":true}]}}