{"id":355,"date":"2014-11-05T15:37:51","date_gmt":"2014-11-05T13:37:51","guid":{"rendered":"http:\/\/vorujahimeesteselts.ee\/?page_id=355"},"modified":"2014-11-11T13:22:03","modified_gmt":"2014-11-11T11:22:03","slug":"uldist","status":"publish","type":"page","link":"http:\/\/vorujahimeesteselts.ee\/?page_id=355","title":{"rendered":"\u00dcLDIST"},"content":{"rendered":"<p><strong>Maaomaniku \u00f5igused jahinduses (jahiseadus <b>\u00a7<\/b>6)\u00a0<\/strong><\/p>\n<p>Maaomanikul on \u00f5igus seadusega s\u00e4testatud ulatuses ja korras:<br \/>\n1) korraldada omal maal v\u00e4ikeulukijahti;<br \/>\n2) s\u00f5lmida kokkulepe jahindustegevuse korraldamiseks oma kinnisasjal;<br \/>\n3) seada oma maal jahipidamiseks tingimusi v\u00f5i jahipidamine keelata;<br \/>\n4) algatada jahipiirkonna kasutaja v\u00e4ljavahetamine;<br \/>\n5) teha ettepanekuid jahindusn\u00f5ukogule jahipiirkonna piiride muutmiseks.<\/p>\n<p><strong>V\u00e4ikeulukite k\u00fcttimise loa taotlemine <\/strong><\/p>\n<p>Jahiloa saamiseks esitab taotleja jahiloa andjale j\u00e4rgmised materjalid:<br \/>\n1) kirjaliku taotluse , kas vabas vormis v\u00f5i etteantud blanketil (avaldus 1- m\u00e4\u00e4ratud isikule ja avaldus 2- maaomanikule endale)<br \/>\n2) Soovitavalt omandi\u00f5igust kinnitava dokumendi<\/p>\n<p>Jahiluba v\u00e4ljastatakse viie t\u00f6\u00f6p\u00e4eva jooksul taotluse esitamisest alates. Taotluse esitamiseks loetakse ajahetke, kui k\u00f5ik vajalikud materjalid on loa taotlemiseks esitatud.<br \/>\nJahiloa kehtivusaja kuni \u00fcheks jahiaastaks ja k\u00fcttida lubatud ulukid m\u00e4\u00e4rab maaomanik<\/p>\n","protected":false},"excerpt":{"rendered":"<p>Maaomaniku \u00f5igused jahinduses (jahiseadus \u00a76)\u00a0 Maaomanikul on \u00f5igus seadusega s\u00e4testatud ulatuses ja korras: 1) korraldada omal maal v\u00e4ikeulukijahti; 2) s\u00f5lmida kokkulepe jahindustegevuse korraldamiseks oma kinnisasjal; 3) seada oma maal jahipidamiseks tingimusi v\u00f5i jahipidamine keelata; 4) algatada jahipiirkonna kasutaja v\u00e4ljavahetamine; 5)&#8230; <a class=\"more-link\" href=\"http:\/\/vorujahimeesteselts.ee\/?page_id=355\">Continue Reading &rarr;<\/a><\/p>\n","protected":false},"author":1,"featured_media":0,"parent":0,"menu_order":0,"comment_status":"closed","ping_status":"closed","template":"","meta":{"ngg_post_thumbnail":0},"_links":{"self":[{"href":"http:\/\/vorujahimeesteselts.ee\/index.php?rest_route=\/wp\/v2\/pages\/355"}],"collection":[{"href":"http:\/\/vorujahimeesteselts.ee\/index.php?rest_route=\/wp\/v2\/pages"}],"about":[{"href":"http:\/\/vorujahimeesteselts.ee\/index.php?rest_route=\/wp\/v2\/types\/page"}],"author":[{"embeddable":true,"href":"http:\/\/vorujahimeesteselts.ee\/index.php?rest_route=\/wp\/v2\/users\/1"}],"replies":[{"embeddable":true,"href":"http:\/\/vorujahimeesteselts.ee\/index.php?rest_route=%2Fwp%2Fv2%2Fcomments&post=355"}],"version-history":[{"count":3,"href":"http:\/\/vorujahimeesteselts.ee\/index.php?rest_route=\/wp\/v2\/pages\/355\/revisions"}],"predecessor-version":[{"id":379,"href":"http:\/\/vorujahimeesteselts.ee\/index.php?rest_route=\/wp\/v2\/pages\/355\/revisions\/379"}],"wp:attachment":[{"href":"http:\/\/vorujahimeesteselts.ee\/index.php?rest_route=%2Fwp%2Fv2%2Fmedia&parent=355"}],"curies":[{"name":"wp","href":"https:\/\/api.w.org\/{rel}","templated":true}]}}