{"id":43,"date":"2014-08-14T22:17:02","date_gmt":"2014-08-14T19:17:02","guid":{"rendered":"http:\/\/vorujahimeesteselts.ee\/?page_id=43"},"modified":"2026-01-02T13:42:03","modified_gmt":"2026-01-02T11:42:03","slug":"43-2","status":"publish","type":"page","link":"http:\/\/vorujahimeesteselts.ee\/?page_id=43","title":{"rendered":"V\u00d5RUMAA JAHIMEESTE SELTSI LIIKMED"},"content":{"rendered":"<p>Jahtkond &#8211; esimees<\/p>\n<p>1. Antsla &#8211; Risto T\u00f5niste<br \/>\n2. Haanja &#8211; Juss Torp<br \/>\n3. Krabi &#8211; \u00dclo Ruuder<br \/>\n4. K\u00e4\u00e4pa &#8211; Hanno Raudsepp<br \/>\n5. Linda &#8211; Ivo Anton<br \/>\n6. Lasva &#8211; Tarmo Kokk, Margus Ojaperv<br \/>\n7. Merem\u00e4e &#8211; Markus M\u00e4nnik<br \/>\n8. Hino &#8211; Virgo Eiche<br \/>\n9. Misso &#8211; Margus Tukk<br \/>\n10. Illi &#8211; Urmas Linnas<br \/>\n11. M\u00f5niste &#8211; Tauno Tamm<br \/>\n12. Obinitsa &#8211; Heiki K\u00f5om\u00e4gi<br \/>\n13. Urvaste &#8211; Mait Pr\u00e4tz<br \/>\n14. Varstu &#8211; Evar Ilisson<br \/>\n15. Ruusm\u00e4e &#8211;&nbsp;Kaido Kuus<br \/>\n16. Vastseliina &#8211; Raul Viilo, Riho Kaust<br \/>\n17. V\u00f5handu &#8211; Janek Paulus<br \/>\n18. S\u00f5merpalu &#8211; Janek Pajum\u00e4gi<br \/>\n19. Lepistu &#8211; Lauri Keerov<br \/>\n20. V\u00f5ru &#8211;&nbsp;Taavi Palo<br \/>\n21. V\u00e4imela &#8211; Ever Kattus<br \/>\n22. Viitina &#8211; Peep Kimmel<\/p>\n","protected":false},"excerpt":{"rendered":"<p>Jahtkond &#8211; esimees 1. Antsla &#8211; Risto T\u00f5niste 2. Haanja &#8211; Juss Torp 3. Krabi &#8211; \u00dclo Ruuder 4. K\u00e4\u00e4pa &#8211; Hanno Raudsepp 5. Linda &#8211; Ivo Anton 6. Lasva &#8211; Tarmo Kokk, Margus Ojaperv 7. Merem\u00e4e &#8211; Markus M\u00e4nnik&#8230; <a class=\"more-link\" href=\"http:\/\/vorujahimeesteselts.ee\/?page_id=43\">Continue Reading &rarr;<\/a><\/p>\n","protected":false},"author":1,"featured_media":0,"parent":0,"menu_order":0,"comment_status":"closed","ping_status":"open","template":"","meta":{"ngg_post_thumbnail":0},"_links":{"self":[{"href":"http:\/\/vorujahimeesteselts.ee\/index.php?rest_route=\/wp\/v2\/pages\/43"}],"collection":[{"href":"http:\/\/vorujahimeesteselts.ee\/index.php?rest_route=\/wp\/v2\/pages"}],"about":[{"href":"http:\/\/vorujahimeesteselts.ee\/index.php?rest_route=\/wp\/v2\/types\/page"}],"author":[{"embeddable":true,"href":"http:\/\/vorujahimeesteselts.ee\/index.php?rest_route=\/wp\/v2\/users\/1"}],"replies":[{"embeddable":true,"href":"http:\/\/vorujahimeesteselts.ee\/index.php?rest_route=%2Fwp%2Fv2%2Fcomments&post=43"}],"version-history":[{"count":20,"href":"http:\/\/vorujahimeesteselts.ee\/index.php?rest_route=\/wp\/v2\/pages\/43\/revisions"}],"predecessor-version":[{"id":2125,"href":"http:\/\/vorujahimeesteselts.ee\/index.php?rest_route=\/wp\/v2\/pages\/43\/revisions\/2125"}],"wp:attachment":[{"href":"http:\/\/vorujahimeesteselts.ee\/index.php?rest_route=%2Fwp%2Fv2%2Fmedia&parent=43"}],"curies":[{"name":"wp","href":"https:\/\/api.w.org\/{rel}","templated":true}]}}