{"id":432,"date":"2014-12-12T12:44:15","date_gmt":"2014-12-12T10:44:15","guid":{"rendered":"http:\/\/vorujahimeesteselts.ee\/?page_id=432"},"modified":"2018-03-27T13:23:59","modified_gmt":"2018-03-27T11:23:59","slug":"teenuste-hinnakiri","status":"publish","type":"page","link":"http:\/\/vorujahimeesteselts.ee\/?page_id=432","title":{"rendered":"TEENUSTE HINNAKIRI"},"content":{"rendered":"<p>Alates 1. jaanuarist 2018 kehtivad hinnad on allj\u00e4rgnevad:<\/p>\n<p>1. Eesti \u2013 ja v\u00e4lisriigi kodanikule esmase jahitunnistuse andmise taotluse l\u00e4bivaatamine ja v\u00e4ljastamine (toiming seotud paberblanketil tunnistuse v\u00e4ljastamisega) &#8211; 20 \u20ac<br \/>\n2. Eesti \u2013 ja v\u00e4lisriigi kodanikule esmase jahitunnistuse andmise taotluse l\u00e4bivaatamine ja v\u00e4ljastamine (toiming seotud plastblanketil tunnistuse v\u00e4ljastamisega; sisaldab plastblanketi teenustasu 2\u20ac) &#8211; 20 \u20ac + 2 \u20ac<br \/>\n3. Eesti kodaniku jahitunnistuse vahetamise taotluse l\u00e4bivaatamine (toiming seotud pabertunnistuse v\u00e4ljastamisega) &#8211; 8 \u20ac<br \/>\n4. Eesti kodaniku jahitunnistuse vahetamise taotluse l\u00e4bivaatamine (toiming seotud plastblanketil tunnistuse v\u00e4ljastamisega; sisaldab plastblanketi teenustasu 2\u20ac) &#8211; 8 \u20ac + 2 \u20ac<br \/>\n5. Eesti kodaniku jahitunnistuse pikendamise taotluse l\u00e4bivaatamine &#8211; 8 \u20ac<br \/>\n6. Eesti kodaniku jahitunnistuse kehtivuse taastamise taotluse l\u00e4bivaatamine &#8211; 8 \u20ac<br \/>\n7. Jahiteooriaeksami v\u00f5i laskekatseeksami vastuv\u00f5tmine (iga sooritus) &#8211; 6 \u20ac<br \/>\n8. Eesti ja v\u00e4lisriigi kodaniku suuruluki laskekatse tunnistuse v\u00f5i vibujahi laskekatse tunnistuse v\u00e4ljastamine &#8211; 3 \u20ac<\/p>\n","protected":false},"excerpt":{"rendered":"<p>Alates 1. jaanuarist 2018 kehtivad hinnad on allj\u00e4rgnevad: 1. Eesti \u2013 ja v\u00e4lisriigi kodanikule esmase jahitunnistuse andmise taotluse l\u00e4bivaatamine ja v\u00e4ljastamine (toiming seotud paberblanketil tunnistuse v\u00e4ljastamisega) &#8211; 20 \u20ac 2. Eesti \u2013 ja v\u00e4lisriigi kodanikule esmase jahitunnistuse andmise taotluse l\u00e4bivaatamine&#8230; <a class=\"more-link\" href=\"http:\/\/vorujahimeesteselts.ee\/?page_id=432\">Continue Reading &rarr;<\/a><\/p>\n","protected":false},"author":1,"featured_media":0,"parent":0,"menu_order":0,"comment_status":"closed","ping_status":"closed","template":"","meta":{"ngg_post_thumbnail":0},"_links":{"self":[{"href":"http:\/\/vorujahimeesteselts.ee\/index.php?rest_route=\/wp\/v2\/pages\/432"}],"collection":[{"href":"http:\/\/vorujahimeesteselts.ee\/index.php?rest_route=\/wp\/v2\/pages"}],"about":[{"href":"http:\/\/vorujahimeesteselts.ee\/index.php?rest_route=\/wp\/v2\/types\/page"}],"author":[{"embeddable":true,"href":"http:\/\/vorujahimeesteselts.ee\/index.php?rest_route=\/wp\/v2\/users\/1"}],"replies":[{"embeddable":true,"href":"http:\/\/vorujahimeesteselts.ee\/index.php?rest_route=%2Fwp%2Fv2%2Fcomments&post=432"}],"version-history":[{"count":5,"href":"http:\/\/vorujahimeesteselts.ee\/index.php?rest_route=\/wp\/v2\/pages\/432\/revisions"}],"predecessor-version":[{"id":842,"href":"http:\/\/vorujahimeesteselts.ee\/index.php?rest_route=\/wp\/v2\/pages\/432\/revisions\/842"}],"wp:attachment":[{"href":"http:\/\/vorujahimeesteselts.ee\/index.php?rest_route=%2Fwp%2Fv2%2Fmedia&parent=432"}],"curies":[{"name":"wp","href":"https:\/\/api.w.org\/{rel}","templated":true}]}}