{"id":832,"date":"2018-02-09T13:07:19","date_gmt":"2018-02-09T11:07:19","guid":{"rendered":"http:\/\/vorujahimeesteselts.ee\/?page_id=832"},"modified":"2018-10-23T12:53:41","modified_gmt":"2018-10-23T10:53:41","slug":"laskmisvoistlused-2018","status":"publish","type":"page","link":"http:\/\/vorujahimeesteselts.ee\/?page_id=832","title":{"rendered":"LASKMISV\u00d5ISTLUSED 2018"},"content":{"rendered":"<p>V\u00f5rumaa Jahimeeste Seltsi laskev\u00f5istluste v\u00f5istluskalender 2018.<br \/>\nJ\u00e4rvere tiirus.<\/p>\n<p><a href=\"http:\/\/vorujahimeesteselts.ee\/wp-content\/uploads\/2018\/02\/Osalused-kokku-2018.pdf\">Osalused kokku<\/a><\/p>\n<p>7.04 &#8211; VSS. <a href=\"http:\/\/vorujahimeesteselts.ee\/wp-content\/uploads\/2018\/02\/VSS-VJS-J\u00e4rveres-07.04.pdf\">Tulemused.<\/a> <a href=\"https:\/\/photos.app.goo.gl\/msXdTzHi1Ht56Wdu1\">Pildid<\/a><br \/>\n12.05 &#8211; JM. <a href=\"http:\/\/vorujahimeesteselts.ee\/wp-content\/uploads\/2018\/05\/JM_12.5.18.pdf\">Tulemused.<\/a> <a href=\"https:\/\/photos.app.goo.gl\/TGWRrJZkLrhSiIx83\">Pildid<\/a><br \/>\n9.06 &#8211; VJM. <a href=\"http:\/\/vorujahimeesteselts.ee\/wp-content\/uploads\/2018\/02\/JMV_9.6.18.pdf\">Tulemused.<\/a> <a href=\"https:\/\/photos.app.goo.gl\/3yzGNg8WBa9eBsmp6\">Pildid<\/a><br \/>\n15.07 &#8211; Sporting. <a href=\"http:\/\/vorujahimeesteselts.ee\/wp-content\/uploads\/2018\/02\/4-etapp-sporting-15.7.pdf\">Tulemused.<\/a> <a href=\"https:\/\/photos.app.goo.gl\/jTtsBkqyZbitHJQs7\">Pildid<br \/>\n<\/a>18.08 &#8211; JP. <a href=\"http:\/\/vorujahimeesteselts.ee\/wp-content\/uploads\/2018\/08\/JP_18.8.pdf\">Tulemused<\/a>. <a href=\"https:\/\/photos.app.goo.gl\/Pxa283Qv7pZhjbjs7\">Pildid<\/a><br \/>\n08.09 &#8211; J\u00e4rvere Snaiper. V\u00f5itja Mait Kivi.<br \/>\n08.09 &#8211; V\u00f5ru Karikas. <a href=\"http:\/\/vorujahimeesteselts.ee\/wp-content\/uploads\/2018\/09\/V%C3%B5ru_karikas_JM-_2018.pdf\">Tulemused.<\/a><br \/>\n29.09 &#8211; Kombi JP+sporting v\u00f5i jooksev hirv. <a href=\"http:\/\/vorujahimeesteselts.ee\/wp-content\/uploads\/2018\/10\/VJS-JP-ja-JH-29.9.pdf\">Tulemused.<\/a><\/p>\n","protected":false},"excerpt":{"rendered":"<p>V\u00f5rumaa Jahimeeste Seltsi laskev\u00f5istluste v\u00f5istluskalender 2018. J\u00e4rvere tiirus. Osalused kokku 7.04 &#8211; VSS. Tulemused. Pildid 12.05 &#8211; JM. Tulemused. Pildid 9.06 &#8211; VJM. Tulemused. Pildid 15.07 &#8211; Sporting. Tulemused. Pildid 18.08 &#8211; JP. Tulemused. Pildid 08.09 &#8211; J\u00e4rvere Snaiper. V\u00f5itja&#8230; <a class=\"more-link\" href=\"http:\/\/vorujahimeesteselts.ee\/?page_id=832\">Continue Reading &rarr;<\/a><\/p>\n","protected":false},"author":1,"featured_media":830,"parent":0,"menu_order":0,"comment_status":"closed","ping_status":"closed","template":"","meta":{"ngg_post_thumbnail":0},"_links":{"self":[{"href":"http:\/\/vorujahimeesteselts.ee\/index.php?rest_route=\/wp\/v2\/pages\/832"}],"collection":[{"href":"http:\/\/vorujahimeesteselts.ee\/index.php?rest_route=\/wp\/v2\/pages"}],"about":[{"href":"http:\/\/vorujahimeesteselts.ee\/index.php?rest_route=\/wp\/v2\/types\/page"}],"author":[{"embeddable":true,"href":"http:\/\/vorujahimeesteselts.ee\/index.php?rest_route=\/wp\/v2\/users\/1"}],"replies":[{"embeddable":true,"href":"http:\/\/vorujahimeesteselts.ee\/index.php?rest_route=%2Fwp%2Fv2%2Fcomments&post=832"}],"version-history":[{"count":18,"href":"http:\/\/vorujahimeesteselts.ee\/index.php?rest_route=\/wp\/v2\/pages\/832\/revisions"}],"predecessor-version":[{"id":1181,"href":"http:\/\/vorujahimeesteselts.ee\/index.php?rest_route=\/wp\/v2\/pages\/832\/revisions\/1181"}],"wp:featuredmedia":[{"embeddable":true,"href":"http:\/\/vorujahimeesteselts.ee\/index.php?rest_route=\/wp\/v2\/media\/830"}],"wp:attachment":[{"href":"http:\/\/vorujahimeesteselts.ee\/index.php?rest_route=%2Fwp%2Fv2%2Fmedia&parent=832"}],"curies":[{"name":"wp","href":"https:\/\/api.w.org\/{rel}","templated":true}]}}