{"id":1195,"date":"2019-04-15T08:47:51","date_gmt":"2019-04-15T06:47:51","guid":{"rendered":"http:\/\/vorujahimeesteselts.ee\/?page_id=1195"},"modified":"2019-09-03T12:03:08","modified_gmt":"2019-09-03T10:03:08","slug":"laskmisvoistlused-2019","status":"publish","type":"page","link":"https:\/\/vorujahimeesteselts.ee\/?page_id=1195","title":{"rendered":"LASKMISV\u00d5ISTLUSED 2019"},"content":{"rendered":"<p>22.06 kell 9 lasketiirus kuulilaskmise treening. V\u00f5imalik lasta ka taldrikuid.<\/p>\n<p>&nbsp;<\/p>\n<p>&nbsp;<\/p>\n<p>V\u00f5rumaa Jahimeeste Seltsi laskev\u00f5istluste v\u00f5istluskalender 2019.<br \/>\nJ\u00e4rvere tiirus. Algus kell 9:00<\/p>\n<div id=\"eml-cke__body\" title=\"\"><strong>27.4 &#8211; JM.<\/strong> <a href=\"http:\/\/vorujahimeesteselts.ee\/wp-content\/uploads\/2019\/04\/JM_27.4.191.pdf\">Tulemused<\/a>. <a href=\"https:\/\/photos.app.goo.gl\/wbNU5TyryQkninbP7\">Pildid<\/a>.<br \/>\n<strong> 25.5 &#8211; VSS<\/strong> ja J\u00e4rvere snaiper. <a href=\"http:\/\/vorujahimeesteselts.ee\/wp-content\/uploads\/2019\/04\/J\u00e4rvere-snaiper-juhend-2019.pdf\">Juhend<\/a>. <a href=\"http:\/\/vorujahimeesteselts.ee\/wp-content\/uploads\/2019\/05\/VSS-J%C3%A4rveres-25.05.pdf\">Tulemused<\/a>. <a href=\"https:\/\/photos.app.goo.gl\/W5SX2BQe5n5he43cA\">Pildid<\/a>.<br \/>\n<strong>8.6 &#8211; VJM.<\/strong> Jooksev metssiga vintraudsest relvast. 20 lasku. <a href=\"http:\/\/vorujahimeesteselts.ee\/wp-content\/uploads\/2019\/04\/VJM-juhend.txt\">Juhend<\/a>. <a href=\"http:\/\/vorujahimeesteselts.ee\/wp-content\/uploads\/2019\/06\/VJM_8.6.pdf\">Tulemused.<\/a> <a href=\"https:\/\/photos.app.goo.gl\/uWJsK4tLgkz1GKBeA\">Pildid.<\/a><br \/>\n<strong> 7.7 &#8211; Sporting.<\/strong> 25 lasku. <a href=\"http:\/\/vorujahimeesteselts.ee\/wp-content\/uploads\/2019\/04\/4-etapp-sporting-7.7.pdf\">Tulemused<\/a><br \/>\n<strong> 3.8 &#8211; JP.<\/strong> <a href=\"http:\/\/vorujahimeesteselts.ee\/wp-content\/uploads\/2019\/04\/JP_3.8.pdf\">Tulemused<\/a>. <a href=\"https:\/\/photos.app.goo.gl\/V8XXtSyE28zLaVho8\">Pildid<\/a><br \/>\n<strong>31.8 &#8211; V\u00f5ru karikas. <\/strong><a href=\"http:\/\/vorujahimeesteselts.ee\/wp-content\/uploads\/2019\/04\/V\u00f5ru_karikas_2019.pdf\">Tulemused<\/a>. <a href=\"https:\/\/photos.app.goo.gl\/5heaGSep34qucXum7\">Pildid<\/a><br \/>\n<strong> 21.9 &#8211; Kombi. <\/strong><a href=\"http:\/\/vorujahimeesteselts.ee\/wp-content\/uploads\/2019\/04\/Combi-juhend-21.9.19.pdf\">Juhend<strong><br \/>\n<\/strong><\/a><\/div>\n<p>&nbsp;<\/p>\n","protected":false},"excerpt":{"rendered":"<p>22.06 kell 9 lasketiirus kuulilaskmise treening. V\u00f5imalik lasta ka taldrikuid. &nbsp; &nbsp; V\u00f5rumaa Jahimeeste Seltsi laskev\u00f5istluste v\u00f5istluskalender 2019. J\u00e4rvere tiirus. Algus kell 9:00 27.4 &#8211; JM. Tulemused. Pildid. 25.5 &#8211; VSS ja J\u00e4rvere snaiper. Juhend. Tulemused. Pildid. 8.6 &#8211; VJM&#8230;. <a class=\"more-link\" href=\"https:\/\/vorujahimeesteselts.ee\/?page_id=1195\">Continue Reading &rarr;<\/a><\/p>\n","protected":false},"author":1,"featured_media":1196,"parent":0,"menu_order":0,"comment_status":"closed","ping_status":"closed","template":"","meta":{"ngg_post_thumbnail":0},"_links":{"self":[{"href":"https:\/\/vorujahimeesteselts.ee\/index.php?rest_route=\/wp\/v2\/pages\/1195"}],"collection":[{"href":"https:\/\/vorujahimeesteselts.ee\/index.php?rest_route=\/wp\/v2\/pages"}],"about":[{"href":"https:\/\/vorujahimeesteselts.ee\/index.php?rest_route=\/wp\/v2\/types\/page"}],"author":[{"embeddable":true,"href":"https:\/\/vorujahimeesteselts.ee\/index.php?rest_route=\/wp\/v2\/users\/1"}],"replies":[{"embeddable":true,"href":"https:\/\/vorujahimeesteselts.ee\/index.php?rest_route=%2Fwp%2Fv2%2Fcomments&post=1195"}],"version-history":[{"count":20,"href":"https:\/\/vorujahimeesteselts.ee\/index.php?rest_route=\/wp\/v2\/pages\/1195\/revisions"}],"predecessor-version":[{"id":1287,"href":"https:\/\/vorujahimeesteselts.ee\/index.php?rest_route=\/wp\/v2\/pages\/1195\/revisions\/1287"}],"wp:featuredmedia":[{"embeddable":true,"href":"https:\/\/vorujahimeesteselts.ee\/index.php?rest_route=\/wp\/v2\/media\/1196"}],"wp:attachment":[{"href":"https:\/\/vorujahimeesteselts.ee\/index.php?rest_route=%2Fwp%2Fv2%2Fmedia&parent=1195"}],"curies":[{"name":"wp","href":"https:\/\/api.w.org\/{rel}","templated":true}]}}