{"id":1462,"date":"2021-06-14T07:40:18","date_gmt":"2021-06-14T05:40:18","guid":{"rendered":"http:\/\/vorujahimeesteselts.ee\/?page_id=1462"},"modified":"2026-01-02T13:54:59","modified_gmt":"2026-01-02T11:54:59","slug":"laketiiru-kasumise-kalender","status":"publish","type":"page","link":"https:\/\/vorujahimeesteselts.ee\/?page_id=1462","title":{"rendered":"J\u00c4RVERE LASKETIIRU KASUTAMISE REEGLID"},"content":{"rendered":"\n<p><a href=\"http:\/\/vorujahimeesteselts.ee\/?page_id=57\">Laskekatsete info asub siin.<\/a><br><\/p>\n\n\n\n<p><br>Lasketiiru kasutamine on lubatud <strong>ainult <\/strong>V\u00f5rumaa Jahimeeste Seltsiga kokkuleppel enne <strong>IGAKORDSET <\/strong>lasketiiru kasutamist. <\/p>\n\n\n\n<p><strong>Kui soovid lasketiiru kasutada, tegutse nii:<\/strong><\/p>\n\n\n\n<ol>\n<li>Lepi lasketiiru kasutamine kokku lasketiiru valdajaga ja anna teada, kes on <strong>laskmist l\u00e4biviiv isik<\/strong>. Ever Kattus, 56687228\u00a0<\/li>\n\n\n\n<li>Tutvu <strong><a href=\"http:\/\/vorujahimeesteselts.ee\/wp-content\/uploads\/2021\/12\/Jarvere-lasketiiru-ohutusnouded-23.07.21.pdf\">ohutusn\u00f5uete <\/a><\/strong>ja <strong><a href=\"http:\/\/vorujahimeesteselts.ee\/wp-content\/uploads\/2024\/07\/Jarvere-lasketiiru-SISEKORRAEESKIRI-2024.docx-1.pdf\">sisekorraeeskirjadega<\/a><a href=\"http:\/\/vorujahimeesteselts.ee\/wp-content\/uploads\/2021\/12\/Jarvere-lasketiiru-sisekorraeeskiri-23.07.21.pdf\"> <\/a><\/strong>ning kinnita allkirjaga reeglitest arusaamist ja nende j\u00e4rgi k\u00e4itumist. Selleks on kohapeal ja <strong><a href=\"https:\/\/docs.google.com\/spreadsheets\/d\/1PX48YeftcgNkq8rF3venqSe9a-7XM63Po_y3nR-HDEg\/edit?usp=sharing\">siin<\/a><\/strong> olemas <strong>blanketid<\/strong>, t\u00e4ida, allkirjasta ja pane postkasti. <strong>NB! Ohutusn\u00f5udeid ja sisekorraeeskirju tuleb j\u00e4rgida allkirja vastu nii laskjatel kui ka laskmise juures viibivatel isikutel.<\/strong><\/li>\n<\/ol>\n\n\n\n<p><em>&nbsp;Laskmist l\u00e4biviival isikul peab olema Eestis v\u00e4ljastatud relvaluba v\u00f5i laskeinstruktori, lasketreeneri v\u00f5i laskesportlase litsents, mille on v\u00e4lja andnud Eesti laskespordiorganisatsioon v\u00f5i rahvusvaheliselt tunnustatud laskespordiorganisatsiooni esindus.<\/em><\/p>\n\n\n\n<h3 class=\"wp-block-heading\">Laskmist l\u00e4biviiva isiku kohustused<\/h3>\n\n\n\n<p>(1) Laskmist l\u00e4biviiv isik on kohustatud viibima laskmise ajal lasketiirus v\u00f5i laskepaigas. Ilma laskmist l\u00e4biviiva isikuta on laskmine lasketiirus v\u00f5i laskepaigas keelatud.<\/p>\n\n\n\n<p>(2) Laskmist l\u00e4biviiv isik v\u00f5ib ohutuse tagamiseks kaasata laskmise korraldamisse laskeinstruktoreid, kohtunikke v\u00f5i kontrollijaid.<\/p>\n\n\n\n<p>(3) Laskmist l\u00e4biviiv isik tutvustab laskuritele ja <strong>laskmise juures viibijatele<\/strong> allkirja vastu lasketiiru v\u00f5i laskepaiga ohutusn\u00f5udeid ja sisekorra eeskirja ning kontrollib, et laskurid ja laskmise juures viibijad t\u00e4idavad ohutusn\u00f5udeid ja lasketiirus v\u00f5i laskepaigas k\u00e4itumise reegleid.<\/p>\n\n\n\n<p>(4) Laskmist l\u00e4biviiv isik tagab laskmise ohutuse ja kontrollib enne laskmise alustamist laskepaiga vastavust k\u00e4esoleva m\u00e4\u00e4ruse \u00a7-s&nbsp;6 loetletud n\u00f5uetele ning laskepaiga laskeala ja ohuala ajutise piirde ja hoiatussiltide paiknemise n\u00f5uetekohasust.<\/p>\n\n\n\n<p>(5) Laskmist l\u00e4biviiv isik vastutab, et laskmise ajal t\u00e4idetaks laskmise ohutus- ja muid n\u00f5udeid, ning l\u00f5petab laskmise viivitamata v\u00f5i annab k\u00e4su laskmine l\u00f5petada, kui ilmneb oht.<\/p>\n\n\n\n<p>(6) Lasketiirus v\u00f5i laskepaigas juhtunud laskevigastuse korral tagab laskmist l\u00e4biviiv isik, et kannatanule korraldatakse kiire meditsiiniabi osutamine ning teavitab juhtunust vastutavat isikut.<\/p>\n\n\n\n<p><a href=\"https:\/\/www.riigiteataja.ee\/akt\/102032021025\" target=\"_blank\" rel=\"noreferrer noopener\">Lasketiiru ja laskepaiga ning laskev\u00f5istluse ja treeninglaskmise ohutusn\u00f5uded<\/a><\/p>\n","protected":false},"excerpt":{"rendered":"<p>Laskekatsete info asub siin. Lasketiiru kasutamine on lubatud ainult V\u00f5rumaa Jahimeeste Seltsiga kokkuleppel enne IGAKORDSET lasketiiru kasutamist. Kui soovid lasketiiru kasutada, tegutse nii: &nbsp;Laskmist l\u00e4biviival isikul peab olema Eestis v\u00e4ljastatud relvaluba v\u00f5i laskeinstruktori, lasketreeneri v\u00f5i laskesportlase litsents, mille on v\u00e4lja&#8230; <a class=\"more-link\" href=\"https:\/\/vorujahimeesteselts.ee\/?page_id=1462\">Continue Reading &rarr;<\/a><\/p>\n","protected":false},"author":1,"featured_media":0,"parent":0,"menu_order":0,"comment_status":"closed","ping_status":"closed","template":"","meta":{"ngg_post_thumbnail":0},"_links":{"self":[{"href":"https:\/\/vorujahimeesteselts.ee\/index.php?rest_route=\/wp\/v2\/pages\/1462"}],"collection":[{"href":"https:\/\/vorujahimeesteselts.ee\/index.php?rest_route=\/wp\/v2\/pages"}],"about":[{"href":"https:\/\/vorujahimeesteselts.ee\/index.php?rest_route=\/wp\/v2\/types\/page"}],"author":[{"embeddable":true,"href":"https:\/\/vorujahimeesteselts.ee\/index.php?rest_route=\/wp\/v2\/users\/1"}],"replies":[{"embeddable":true,"href":"https:\/\/vorujahimeesteselts.ee\/index.php?rest_route=%2Fwp%2Fv2%2Fcomments&post=1462"}],"version-history":[{"count":25,"href":"https:\/\/vorujahimeesteselts.ee\/index.php?rest_route=\/wp\/v2\/pages\/1462\/revisions"}],"predecessor-version":[{"id":2126,"href":"https:\/\/vorujahimeesteselts.ee\/index.php?rest_route=\/wp\/v2\/pages\/1462\/revisions\/2126"}],"wp:attachment":[{"href":"https:\/\/vorujahimeesteselts.ee\/index.php?rest_route=%2Fwp%2Fv2%2Fmedia&parent=1462"}],"curies":[{"name":"wp","href":"https:\/\/api.w.org\/{rel}","templated":true}]}}