{"id":1691,"date":"2023-02-07T16:18:59","date_gmt":"2023-02-07T14:18:59","guid":{"rendered":"http:\/\/vorujahimeesteselts.ee\/?page_id=1691"},"modified":"2025-07-23T09:19:23","modified_gmt":"2025-07-23T07:19:23","slug":"trofeede-hindamine","status":"publish","type":"page","link":"https:\/\/vorujahimeesteselts.ee\/?page_id=1691","title":{"rendered":"Trofeede hindamine"},"content":{"rendered":"\n<p>Kui oled k\u00fcttinud trofee, mis v\u00f5ib olla medaliv\u00e4\u00e4rne, saad esmase hindamise ise \u00e4ra teha.<\/p>\n\n\n\n<p>Trofeede hindamise juhiseid leiad <a href=\"http:\/\/vorujahimeesteselts.ee\/wp-content\/uploads\/2023\/02\/Jahitrofeede-hindamise-juhend.pdf\">siit<\/a>.<\/p>\n\n\n\n<p>Trofeede hindamiseks tehtud kalkulaatorid asuvad <a href=\"https:\/\/drive.google.com\/drive\/folders\/15Hw9A0q2-gGyZfbocO-iKpuoBuCX6Ppx?usp=sharing\">siin<\/a>.<\/p>\n\n\n\n<p>Et saada medaliv\u00e4\u00e4rne trofee kataloogi ja registrisse, tuleb see hinnata eksperdi poolt.<\/p>\n\n\n\n<p>T\u00e4psem info ja ekspertide kontaktid <a href=\"https:\/\/www.ejs.ee\/trofeed\/\">siin<\/a>.<\/p>\n\n\n\n<p><\/p>\n\n\n\n<p><\/p>\n","protected":false},"excerpt":{"rendered":"<p>Kui oled k\u00fcttinud trofee, mis v\u00f5ib olla medaliv\u00e4\u00e4rne, saad esmase hindamise ise \u00e4ra teha. Trofeede hindamise juhiseid leiad siit. Trofeede hindamiseks tehtud kalkulaatorid asuvad siin. Et saada medaliv\u00e4\u00e4rne trofee kataloogi ja registrisse, tuleb see hinnata eksperdi poolt. T\u00e4psem info ja&#8230; <a class=\"more-link\" href=\"https:\/\/vorujahimeesteselts.ee\/?page_id=1691\">Continue Reading &rarr;<\/a><\/p>\n","protected":false},"author":1,"featured_media":0,"parent":0,"menu_order":0,"comment_status":"closed","ping_status":"closed","template":"","meta":{"ngg_post_thumbnail":0},"_links":{"self":[{"href":"https:\/\/vorujahimeesteselts.ee\/index.php?rest_route=\/wp\/v2\/pages\/1691"}],"collection":[{"href":"https:\/\/vorujahimeesteselts.ee\/index.php?rest_route=\/wp\/v2\/pages"}],"about":[{"href":"https:\/\/vorujahimeesteselts.ee\/index.php?rest_route=\/wp\/v2\/types\/page"}],"author":[{"embeddable":true,"href":"https:\/\/vorujahimeesteselts.ee\/index.php?rest_route=\/wp\/v2\/users\/1"}],"replies":[{"embeddable":true,"href":"https:\/\/vorujahimeesteselts.ee\/index.php?rest_route=%2Fwp%2Fv2%2Fcomments&post=1691"}],"version-history":[{"count":7,"href":"https:\/\/vorujahimeesteselts.ee\/index.php?rest_route=\/wp\/v2\/pages\/1691\/revisions"}],"predecessor-version":[{"id":2060,"href":"https:\/\/vorujahimeesteselts.ee\/index.php?rest_route=\/wp\/v2\/pages\/1691\/revisions\/2060"}],"wp:attachment":[{"href":"https:\/\/vorujahimeesteselts.ee\/index.php?rest_route=%2Fwp%2Fv2%2Fmedia&parent=1691"}],"curies":[{"name":"wp","href":"https:\/\/api.w.org\/{rel}","templated":true}]}}