{"id":22,"date":"2014-08-14T15:29:06","date_gmt":"2014-08-14T12:29:06","guid":{"rendered":"http:\/\/vorujahimeesteselts.ee\/?page_id=22"},"modified":"2023-07-18T12:54:23","modified_gmt":"2023-07-18T10:54:23","slug":"harri-neeme-meenutused","status":"publish","type":"page","link":"https:\/\/vorujahimeesteselts.ee\/?page_id=22","title":{"rendered":"HARRI NEEME MEENUTUSED"},"content":{"rendered":"<p><a href=\"http:\/\/vorujahimeesteselts.ee\/wp-content\/uploads\/2014\/08\/Harri-Neem.jpg\"><img decoding=\"async\" loading=\"lazy\" class=\"alignleft size-full wp-image-157\" title=\"Harri Neem\" src=\"http:\/\/vorujahimeesteselts.ee\/wp-content\/uploads\/2014\/08\/Harri-Neem.jpg\" alt=\"\" width=\"550\" height=\"418\" srcset=\"https:\/\/vorujahimeesteselts.ee\/wp-content\/uploads\/2014\/08\/Harri-Neem.jpg 550w, https:\/\/vorujahimeesteselts.ee\/wp-content\/uploads\/2014\/08\/Harri-Neem-300x227.jpg 300w\" sizes=\"(max-width: 550px) 100vw, 550px\" \/><\/a><\/p>\n<p>&nbsp;<\/p>\n<p>&nbsp;<\/p>\n<p>&nbsp;<\/p>\n<p>&nbsp;<\/p>\n<p>&nbsp;<\/p>\n<p>&nbsp;<\/p>\n<p>&nbsp;<\/p>\n<p>&nbsp;<\/p>\n<p>&nbsp;<\/p>\n<p>V\u00f5rumaa Jahimeeste Seltsi ajalugu<\/p>\n<p>2007. aasta aprillikuu V\u00f5ru Maavalitsuse numbris on artikel \u201eMetsloomad on \u00fcle loetud\u201c.    Muuseas on seal kirjutatud, et V\u00f5rumaa jahiselts t\u00e4histab t\u00e4navu 40. s\u00fcnnip\u00e4eva. Teatan teile j\u00e4rgmist:<\/p>\n<p>1946. aastast kuni 1949. aastani t\u00f6\u00f6tasin V\u00f5rumaa Kehakultuuri- ja Spordikomitees \u00f5ppespordi osakonna juhatajana.    Tollel perioodil organiseeriti nii vabariigis, kui ka maakondades spordit\u00f6\u00f6d, ka jahinduse sporti. Mina olin jahimees,    v\u00f5tsin endale \u00fclesande moodustada jahimeeste selts ka V\u00f5rumaale. Tollel perioodil kehtis m\u00e4\u00e4rus, et jahilubade ja    p\u00fcssilubade v\u00e4ljaandmine kuulub kohaliku maakonna v\u00f5i  linna kehakultuuri ja spordikomitee kompententsi.<br>\nTegin ettepaneku vabariikliku kehakultuuri- ja spordikomiteele  lubada moodustada V\u00f5rumaa jahindusklubi. Vabariiklik    spordikomitee rahuldas meie avalduse, andis loa jahindusklubi moodustamiseks. Kutsusin kokku V\u00f5rumaa valdade ja linna aktiivi    1947. aasta juuni kuul. Kokku tuli 27 inimest \u2013 jahimeest. Minu ettekande alusel moodustati V\u00f5rumaa jahindusklubi ja kuue    liikmeline juhtkond.<br>\nKlubi esimeheks valiti tolleaegne V\u00f5rumaa peametsa\u00fclem Oskar Suvi. Liikmeteks ltn. Jaarmann V\u00f5ru miilitsa esindaja,    Albert Ivask, Johannes Zilmer, Erik Lukin ja Harri Neem.<br>\nKlubi moodustamise protokoll koos 27 allkirjaga saadeti Vabariiklikule  Spordikomiteele. Spordikomitee eraldas meile 400 jahipiletit.    Mina andsin isiklikult v\u00e4lja 213 jahipiletit, kuhu m\u00e4rgiti ka  jahip\u00fcssi andmed. Jahip\u00fcssi omandamiseks v\u00f5i    ostmiseks miilitsa luba vaja ei olnud. Kehtis jahipilet, kus oli  jahip\u00fcssi number. Iga jahipileti saamiseks maksis omanik    riigil\u00f5ivu (tempelmark), mis maksis 3 rubla. Jahipilet maksis 50  kopikat.<br>\nOrganiseeriti jahimeeste seltsid \u2013 kollektiivid: Urvaste, Linnam\u00e4e, S\u00f5merpalu, Vaabina, Antsla vald ja V\u00f5ru linn.    Tollel ajal oli puudus jahilaskemoonast. Selle k\u00fcsimuse lahendasin ise. Nimelt olin meistersportlane, s\u00f5itsin 12 aastat    N\u00f5ukogude Liidus v\u00f5istlustel Eesti koondise koosseisus. 1947. aastal v\u00f5istlesin Sverdovskis suusatamises.    N\u00e4gin siis \u201eD\u00fcnamo\u201c kaupluses jahindustarbeid. P\u00fcssirohu 200 grammine pakk \u201eSokol\u201c maksis 4 rubla.    Palusin Sverdovski miilitsa\u00fclemalt ostuluba. Luba ei antud p\u00f5hjusel, et puudub m\u00e4\u00e4rus ostmiseks, sest jahisport    N\u00f5ukogude Liidus on rahvasport. Ostsin 20 pakki p\u00fcssirohtu ja 1000 bistongi, mille jagasin v\u00e4lja jahimeestele riigihinna    alusel. Huvitav oli veel see, et kas mul lubatakse p\u00fcssirohtu seljakotis Eestisse tuua. P\u00f6\u00f6rdusin Sverdlovskis    s\u00f5jav\u00e4eorgani \u00fclema poole (Eesti v\u00f5istkond v\u00f5itis suusatamise v\u00f5istlused). T\u00e4nut\u00e4heks pandi    terve v\u00f5istkond s\u00f5jav\u00e4erongi, et s\u00f5ita Tallinna. Kui palusin rongi\u00fclemalt luba tuua p\u00fcssirohtu    s\u00f5jav\u00e4e rongiga Tallinnasse, puhkes rongi\u00fclem naerma ja teatas, et neil on jahisport vaba, iga\u00fcks v\u00f5ib    jahimaterjale transportida.<br>\nV\u00f5rus organiseerisin jahimeestele mittekoosseisulise relvameistri ametikoha, selleks v\u00f5tsin t\u00f6\u00f6le \u00c4pleini    nimelise mehe, kes elas V\u00f5rus Jaama t\u00e4naval. Ta remontis jahip\u00fcsse ja tegi jahimeestele haavleid. Oli v\u00e4ga hea    t\u00f6\u00f6mees. P\u00fcsside remondi ja haavlite eest tasus iga mees ise. Tasu oli v\u00e4ikene.<br>\n1948. aastal viidi mind \u00fcle V\u00f5rumaa haridusosakonna koolide inspektori ametikohale ning ma lahkusin spordikomiteest.    Edasi hakkas jahinduse asju ajama miilitsa\u00fclem Jaarmann. Vahepeal oli Eestis v\u00e4lja antud m\u00e4\u00e4rus, et p\u00fcssiloa    annab v\u00e4lja maakonna miilitsa\u00fclem. Jaarmann oma \u00fclesandega hakkama ei saanud \u2013 v\u00f5ttis viina ja vabastati    t\u00f6\u00f6lt. Jahimajandust hakkas juhtima \u201eJ\u00f5ud\u201c V\u00f5rumaa N\u00f5ukogu Mihkel Must ja Valter Kuhi.    Hiljem oli M. Must V\u00f5ru Jahimajandi juhataja, korraldati t\u00f6\u00f6 \u00fcmber. Ka tema ei suutnud jahindust juhtida \u2013    oli krooniline joodik. P\u00e4rast Musta lahkumist hakkas jahindust juhtima Toropi nimeline mees, teme eesnime ma ei m\u00e4leta.    Ta oli korralik mees \u2013 andis oma t\u00f6\u00f6 \u00fcle j\u00e4rgmistele t\u00f6\u00f6tajatele, kes olid p\u00f5hiliselt ausad ja    tublid inimesed, ning jahimeeste selts t\u00f6\u00f6tab t\u00e4nap\u00e4evani.<br>\nNii, et V\u00f5rumaa Jahimeeste Seltsil tuleb selle aasta septembrikuul lugeda 60 tegevusaastat.<\/p>\n<p>Kirja pannud<br>\nHarri Neem<br>\nTeeneline sporditegelane<br>\n2007. a<\/p>\n\n\n<p><\/p>\n","protected":false},"excerpt":{"rendered":"<p>&nbsp; &nbsp; &nbsp; &nbsp; &nbsp; &nbsp; &nbsp; &nbsp; &nbsp; V\u00f5rumaa Jahimeeste Seltsi ajalugu 2007. aasta aprillikuu V\u00f5ru Maavalitsuse numbris on artikel \u201eMetsloomad on \u00fcle loetud\u201c. Muuseas on seal kirjutatud, et V\u00f5rumaa jahiselts t\u00e4histab t\u00e4navu 40. s\u00fcnnip\u00e4eva. Teatan teile j\u00e4rgmist: 1946&#8230;. <a class=\"more-link\" href=\"https:\/\/vorujahimeesteselts.ee\/?page_id=22\">Continue Reading &rarr;<\/a><\/p>\n","protected":false},"author":1,"featured_media":0,"parent":0,"menu_order":0,"comment_status":"closed","ping_status":"open","template":"","meta":{"ngg_post_thumbnail":0},"_links":{"self":[{"href":"https:\/\/vorujahimeesteselts.ee\/index.php?rest_route=\/wp\/v2\/pages\/22"}],"collection":[{"href":"https:\/\/vorujahimeesteselts.ee\/index.php?rest_route=\/wp\/v2\/pages"}],"about":[{"href":"https:\/\/vorujahimeesteselts.ee\/index.php?rest_route=\/wp\/v2\/types\/page"}],"author":[{"embeddable":true,"href":"https:\/\/vorujahimeesteselts.ee\/index.php?rest_route=\/wp\/v2\/users\/1"}],"replies":[{"embeddable":true,"href":"https:\/\/vorujahimeesteselts.ee\/index.php?rest_route=%2Fwp%2Fv2%2Fcomments&post=22"}],"version-history":[{"count":5,"href":"https:\/\/vorujahimeesteselts.ee\/index.php?rest_route=\/wp\/v2\/pages\/22\/revisions"}],"predecessor-version":[{"id":1782,"href":"https:\/\/vorujahimeesteselts.ee\/index.php?rest_route=\/wp\/v2\/pages\/22\/revisions\/1782"}],"wp:attachment":[{"href":"https:\/\/vorujahimeesteselts.ee\/index.php?rest_route=%2Fwp%2Fv2%2Fmedia&parent=22"}],"curies":[{"name":"wp","href":"https:\/\/api.w.org\/{rel}","templated":true}]}}