{"id":437,"date":"2014-12-12T13:11:27","date_gmt":"2014-12-12T11:11:27","guid":{"rendered":"http:\/\/vorujahimeesteselts.ee\/?page_id=437"},"modified":"2016-11-04T14:53:31","modified_gmt":"2016-11-04T12:53:31","slug":"jahiturism","status":"publish","type":"page","link":"https:\/\/vorujahimeesteselts.ee\/?page_id=437","title":{"rendered":"JAHITURISM"},"content":{"rendered":"<p>Vastavalt Eesti seadustele v\u00f5ib meie riigis jahti pidada v\u00e4lisriigi kodanik, kes ka omal maal omab jahitunnistust ja relvakandmisluba. V\u00e4lisriigi kodanikule v\u00e4ljastatakse Eestis asuva jahipiirkonna omaniku v\u00f5i kutsuja taotlusel v\u00e4lismaalase jahitunnistus<strong>.<\/strong> Jahitunnistusi annab v\u00e4lja EJS keskus v\u00f5i tema poolt volitatud jahindusklubid<strong>.<\/strong><\/p>\n<p><strong>V\u00e4lisriigi kodanikule on v\u00f5imalik taodelda ka suuruluki laskekatse tunnistust, kui tal on oma elukohariigis laskekatse sooritatud ja selle sooritamisest ei ole m\u00f6\u00f6dunud rohkem kui 2 aastat\u00a0<\/strong>(Jahiseadus \u00a7 45\u00a0(4) Kui isikule on v\u00e4lisriigis v\u00e4ljastatud suuruluki laskekatse v\u00f5i vibujahi\u00a0laskekatse sooritamist kinnitav tunnistus ja viimase laskekatse sooritamisest ei\u00a0ole m\u00f6\u00f6dunud rohkem kui kaks aastat, ei n\u00f5uta temalt suuruluki laskekatse v\u00f5i\u00a0vibujahi laskekatse sooritamist). Kui v\u00e4lisriigi kodanikul ei ole suuruluki laskekatse sooritatud, on tal v\u00f5imalik see sooritada Eestis.\u00a0Suuruluki laskekatseid saab sooritada lasketiirudes, mis on Eesti Jahimeeste Seltsi lepingupartnerid.<\/p>\n<p>V\u00e4lismaalane saab \u00fcle piiri tuua oma relva, siis\u00a0kui tal on oma maa vastava asutuse poolt v\u00e4lja antud Euroopa Liidu relvapass. Relva v\u00f5ib ka laenata kohalik jahimees jahipidamiseks.<\/p>\n<p><strong>VJSis v\u00f5etakse dokumente vastu\u00a0 ja v\u00e4ljastatakse T ja R 9-16<br \/>\n<\/strong><strong>Kui soovite muul ajal dokumente k\u00e4tte saada, siis seda on v\u00f5imalik teha eraldi kokkuleppe alusel.<br \/>\n<\/strong><strong>Dokumentidega seotud toimingud v\u00f5tavad aega 3-10 p\u00e4eva.<br \/>\n<\/strong><strong>Dokumente v\u00e4ljastatakse korrektselt t\u00e4idetud taotluste alusel.<br \/>\n<a href=\"http:\/\/vorujahimeesteselts.ee\/wp-content\/uploads\/2014\/12\/v\u00e4lismaalaste-v\u00e4ike-tabel.doc\">Taotlus v\u00e4lisriigi kodaniku jahitunnistuse ja suuruluki laskekatse tunnistuse saamiseks<\/a><br \/>\n<\/strong><\/p>\n<p><a href=\"http:\/\/vorujahimeesteselts.ee\/wp-content\/uploads\/2014\/12\/v\u00e4lismaalaste-suur-tabel.doc\">Taotlus (15 rida)<\/a><\/p>\n<p>V\u00e4lisriigi kodaniku jahitunnsituse hind\u00a0 14 eurot<\/p>\n<p>Suuruluki laskekatse tunnistus\u00a0\u00a0\u00a0\u00a0\u00a0\u00a0\u00a0\u00a0\u00a0\u00a0\u00a0\u00a0\u00a0\u00a0\u00a0 3 eurot<\/p>\n<p>Lisaks peab olema tasutud ka jahipidamis\u00f5iguse tasu 10 eurot (www.pilet.ee)<\/p>\n<p>&nbsp;<\/p>\n","protected":false},"excerpt":{"rendered":"<p>Vastavalt Eesti seadustele v\u00f5ib meie riigis jahti pidada v\u00e4lisriigi kodanik, kes ka omal maal omab jahitunnistust ja relvakandmisluba. V\u00e4lisriigi kodanikule v\u00e4ljastatakse Eestis asuva jahipiirkonna omaniku v\u00f5i kutsuja taotlusel v\u00e4lismaalase jahitunnistus. Jahitunnistusi annab v\u00e4lja EJS keskus v\u00f5i tema poolt volitatud jahindusklubid&#8230;. <a class=\"more-link\" href=\"https:\/\/vorujahimeesteselts.ee\/?page_id=437\">Continue Reading &rarr;<\/a><\/p>\n","protected":false},"author":1,"featured_media":0,"parent":0,"menu_order":0,"comment_status":"closed","ping_status":"closed","template":"","meta":{"ngg_post_thumbnail":0},"_links":{"self":[{"href":"https:\/\/vorujahimeesteselts.ee\/index.php?rest_route=\/wp\/v2\/pages\/437"}],"collection":[{"href":"https:\/\/vorujahimeesteselts.ee\/index.php?rest_route=\/wp\/v2\/pages"}],"about":[{"href":"https:\/\/vorujahimeesteselts.ee\/index.php?rest_route=\/wp\/v2\/types\/page"}],"author":[{"embeddable":true,"href":"https:\/\/vorujahimeesteselts.ee\/index.php?rest_route=\/wp\/v2\/users\/1"}],"replies":[{"embeddable":true,"href":"https:\/\/vorujahimeesteselts.ee\/index.php?rest_route=%2Fwp%2Fv2%2Fcomments&post=437"}],"version-history":[{"count":5,"href":"https:\/\/vorujahimeesteselts.ee\/index.php?rest_route=\/wp\/v2\/pages\/437\/revisions"}],"predecessor-version":[{"id":677,"href":"https:\/\/vorujahimeesteselts.ee\/index.php?rest_route=\/wp\/v2\/pages\/437\/revisions\/677"}],"wp:attachment":[{"href":"https:\/\/vorujahimeesteselts.ee\/index.php?rest_route=%2Fwp%2Fv2%2Fmedia&parent=437"}],"curies":[{"name":"wp","href":"https:\/\/api.w.org\/{rel}","templated":true}]}}