{"id":447,"date":"2014-12-12T13:29:42","date_gmt":"2014-12-12T11:29:42","guid":{"rendered":"http:\/\/vorujahimeesteselts.ee\/?page_id=447"},"modified":"2020-09-18T13:47:31","modified_gmt":"2020-09-18T11:47:31","slug":"jahipidamise-dokumendid","status":"publish","type":"page","link":"https:\/\/vorujahimeesteselts.ee\/?page_id=447","title":{"rendered":"JAHIPIDAMISE DOKUMENTIDE V\u00c4LJASTAMINE"},"content":{"rendered":"<p><a href=\"http:\/\/www.ejs.ee\/jahitunnistus\/\">Jahitunnistuse saamise t\u00e4psem info siit.<\/a><\/p>\n<p>&nbsp;<\/p>\n<ul>\n<li><strong>VJSis v\u00f5etakse dokumente vastu ja v\u00e4ljastatakse Teisip\u00e4eviti kell 10-17 ja Reedeti kell 9-16<br \/>\n<\/strong><\/li>\n<li><strong>Dokumentidega seotud toimingud v\u00f5tavad aega 3-10 p\u00e4eva (plastikkaardi saamiseks palun arvestada rohkem aega).<\/strong><\/li>\n<li><strong>Dokumente v\u00e4ljastatakse korrektselt t\u00e4idetud taotluste alusel.<\/strong><\/li>\n<\/ul>\n<p><strong>\u00a0<\/strong><\/p>\n","protected":false},"excerpt":{"rendered":"<p>Jahitunnistuse saamise t\u00e4psem info siit. &nbsp; VJSis v\u00f5etakse dokumente vastu ja v\u00e4ljastatakse Teisip\u00e4eviti kell 10-17 ja Reedeti kell 9-16 Dokumentidega seotud toimingud v\u00f5tavad aega 3-10 p\u00e4eva (plastikkaardi saamiseks palun arvestada rohkem aega). Dokumente v\u00e4ljastatakse korrektselt t\u00e4idetud taotluste alusel. \u00a0<\/p>\n","protected":false},"author":1,"featured_media":0,"parent":0,"menu_order":0,"comment_status":"closed","ping_status":"closed","template":"","meta":{"ngg_post_thumbnail":0},"_links":{"self":[{"href":"https:\/\/vorujahimeesteselts.ee\/index.php?rest_route=\/wp\/v2\/pages\/447"}],"collection":[{"href":"https:\/\/vorujahimeesteselts.ee\/index.php?rest_route=\/wp\/v2\/pages"}],"about":[{"href":"https:\/\/vorujahimeesteselts.ee\/index.php?rest_route=\/wp\/v2\/types\/page"}],"author":[{"embeddable":true,"href":"https:\/\/vorujahimeesteselts.ee\/index.php?rest_route=\/wp\/v2\/users\/1"}],"replies":[{"embeddable":true,"href":"https:\/\/vorujahimeesteselts.ee\/index.php?rest_route=%2Fwp%2Fv2%2Fcomments&post=447"}],"version-history":[{"count":7,"href":"https:\/\/vorujahimeesteselts.ee\/index.php?rest_route=\/wp\/v2\/pages\/447\/revisions"}],"predecessor-version":[{"id":1391,"href":"https:\/\/vorujahimeesteselts.ee\/index.php?rest_route=\/wp\/v2\/pages\/447\/revisions\/1391"}],"wp:attachment":[{"href":"https:\/\/vorujahimeesteselts.ee\/index.php?rest_route=%2Fwp%2Fv2%2Fmedia&parent=447"}],"curies":[{"name":"wp","href":"https:\/\/api.w.org\/{rel}","templated":true}]}}