{"id":751,"date":"2017-07-06T09:45:23","date_gmt":"2017-07-06T07:45:23","guid":{"rendered":"http:\/\/vorujahimeesteselts.ee\/?page_id=751"},"modified":"2017-07-24T10:19:44","modified_gmt":"2017-07-24T08:19:44","slug":"voru-karikas-jm","status":"publish","type":"page","link":"https:\/\/vorujahimeesteselts.ee\/?page_id=751","title":{"rendered":"V\u00d5RU KARIKAS JM+ 2017"},"content":{"rendered":"<div title=\"\">\u00a0 <a href=\"http:\/\/vorujahimeesteselts.ee\/wp-content\/uploads\/2017\/07\/Laskev\u00f5istluse_V\u00f5ru_Karikas_JM-juhend.pdf\">Juhend 2017<\/a><\/p>\n<div title=\"\"><a href=\"http:\/\/vorujahimeesteselts.ee\/wp-content\/uploads\/2017\/07\/V\u00f5ru_karikas_JM-_2017.pdf\">\u00a0Tulemused 2017<\/a><\/div>\n<\/div>\n<div title=\"\"><\/div>\n<div title=\"\"><\/div>\n<div title=\"\"><\/div>\n<div title=\"\">2011 a. v\u00f5itja Mait Kivi<br \/>\n2012 a. v\u00f5itja Mait Kivi<br \/>\n2013 a.<br \/>\n2014 a.<br \/>\n2015 a.<br \/>\n2016 a.<br \/>\n<strong>2017 a. v\u00f5itja Kusti Serv<\/strong><\/div>\n<div title=\"\"><\/div>\n<div title=\"\"><\/div>\n<div title=\"\"><\/div>\n<p>&nbsp;<\/p>\n","protected":false},"excerpt":{"rendered":"<p>\u00a0 Juhend 2017 \u00a0Tulemused 2017 2011 a. v\u00f5itja Mait Kivi 2012 a. v\u00f5itja Mait Kivi 2013 a. 2014 a. 2015 a. 2016 a. 2017 a. v\u00f5itja Kusti Serv &nbsp;<\/p>\n","protected":false},"author":1,"featured_media":0,"parent":0,"menu_order":0,"comment_status":"closed","ping_status":"closed","template":"","meta":{"ngg_post_thumbnail":0},"_links":{"self":[{"href":"https:\/\/vorujahimeesteselts.ee\/index.php?rest_route=\/wp\/v2\/pages\/751"}],"collection":[{"href":"https:\/\/vorujahimeesteselts.ee\/index.php?rest_route=\/wp\/v2\/pages"}],"about":[{"href":"https:\/\/vorujahimeesteselts.ee\/index.php?rest_route=\/wp\/v2\/types\/page"}],"author":[{"embeddable":true,"href":"https:\/\/vorujahimeesteselts.ee\/index.php?rest_route=\/wp\/v2\/users\/1"}],"replies":[{"embeddable":true,"href":"https:\/\/vorujahimeesteselts.ee\/index.php?rest_route=%2Fwp%2Fv2%2Fcomments&post=751"}],"version-history":[{"count":14,"href":"https:\/\/vorujahimeesteselts.ee\/index.php?rest_route=\/wp\/v2\/pages\/751\/revisions"}],"predecessor-version":[{"id":774,"href":"https:\/\/vorujahimeesteselts.ee\/index.php?rest_route=\/wp\/v2\/pages\/751\/revisions\/774"}],"wp:attachment":[{"href":"https:\/\/vorujahimeesteselts.ee\/index.php?rest_route=%2Fwp%2Fv2%2Fmedia&parent=751"}],"curies":[{"name":"wp","href":"https:\/\/api.w.org\/{rel}","templated":true}]}}