{"id":87,"date":"2014-08-14T22:49:47","date_gmt":"2014-08-14T19:49:47","guid":{"rendered":"http:\/\/vorujahimeesteselts.ee\/?page_id=87"},"modified":"2025-07-23T09:13:00","modified_gmt":"2025-07-23T07:13:00","slug":"statistika","status":"publish","type":"page","link":"https:\/\/vorujahimeesteselts.ee\/?page_id=87","title":{"rendered":"K\u00dcTTIMISE STATISTIKA"},"content":{"rendered":"<p><a href=\"https:\/\/datastudio.google.com\/u\/0\/reporting\/cec1076c-ab21-428e-afec-25dc16c8d53a\" target=\"_blank\" rel=\"noopener\">V\u00f5rumaa k\u00fcttimise statistika<\/a><br \/>\n(Valida saad \u00fche v\u00f5i mitu muutujat, n\u00e4iteks uluk &#8211; Metskits, siis aasta &#8211; 2020 ja jahtkond, n\u00e4iteks &#8211; Lasva. Hoides all control(ctrl) klahvi saad valida mitu aastat, jahtkonda ja\/v\u00f5i ulukit. Kui valid vaid uluki ja jahtkonna, n\u00e4ed konkreetse uluki k\u00fcttimist l\u00e4bi aastate.<\/p>\n<p><a href=\"https:\/\/datastudio.google.com\/reporting\/1758cc7a-94ea-430f-a6df-f8e3ee78b704\">Kogu Eesti k\u00fcttimise statistika<\/a><\/p>\n","protected":false},"excerpt":{"rendered":"<p>V\u00f5rumaa k\u00fcttimise statistika (Valida saad \u00fche v\u00f5i mitu muutujat, n\u00e4iteks uluk &#8211; Metskits, siis aasta &#8211; 2020 ja jahtkond, n\u00e4iteks &#8211; Lasva. Hoides all control(ctrl) klahvi saad valida mitu aastat, jahtkonda ja\/v\u00f5i ulukit. Kui valid vaid uluki ja jahtkonna, n\u00e4ed&#8230; <a class=\"more-link\" href=\"https:\/\/vorujahimeesteselts.ee\/?page_id=87\">Continue Reading &rarr;<\/a><\/p>\n","protected":false},"author":1,"featured_media":0,"parent":0,"menu_order":0,"comment_status":"closed","ping_status":"open","template":"","meta":{"ngg_post_thumbnail":0},"_links":{"self":[{"href":"https:\/\/vorujahimeesteselts.ee\/index.php?rest_route=\/wp\/v2\/pages\/87"}],"collection":[{"href":"https:\/\/vorujahimeesteselts.ee\/index.php?rest_route=\/wp\/v2\/pages"}],"about":[{"href":"https:\/\/vorujahimeesteselts.ee\/index.php?rest_route=\/wp\/v2\/types\/page"}],"author":[{"embeddable":true,"href":"https:\/\/vorujahimeesteselts.ee\/index.php?rest_route=\/wp\/v2\/users\/1"}],"replies":[{"embeddable":true,"href":"https:\/\/vorujahimeesteselts.ee\/index.php?rest_route=%2Fwp%2Fv2%2Fcomments&post=87"}],"version-history":[{"count":20,"href":"https:\/\/vorujahimeesteselts.ee\/index.php?rest_route=\/wp\/v2\/pages\/87\/revisions"}],"predecessor-version":[{"id":2057,"href":"https:\/\/vorujahimeesteselts.ee\/index.php?rest_route=\/wp\/v2\/pages\/87\/revisions\/2057"}],"wp:attachment":[{"href":"https:\/\/vorujahimeesteselts.ee\/index.php?rest_route=%2Fwp%2Fv2%2Fmedia&parent=87"}],"curies":[{"name":"wp","href":"https:\/\/api.w.org\/{rel}","templated":true}]}}