{"id":875,"date":"2018-05-07T08:34:09","date_gmt":"2018-05-07T06:34:09","guid":{"rendered":"http:\/\/vorujahimeesteselts.ee\/?page_id=875"},"modified":"2019-07-19T14:20:10","modified_gmt":"2019-07-19T12:20:10","slug":"koolitused-2018-2019","status":"publish","type":"page","link":"https:\/\/vorujahimeesteselts.ee\/?page_id=875","title":{"rendered":"Koolitused 2018 &#8211; 2019"},"content":{"rendered":"<p>V\u00f5rumaa Jahimeeste Seltsi ja Eesti Naisk\u00fcttide seltsi \u00fchiskoost\u00f6\u00f6 Leader projekti \u201eUlukisaaduste kasutusala laiendamine kogukonnas\u201c (viite nr 619217863114) raames toimuvad ulukiliha t\u00f6\u00f6tlemise ja &#8211; toitude valmistamise koolitused j\u00e4rgmiste jahiseltside juures j\u00e4rgnevatel aegadel:<\/p>\n<table border=\"0\" frame=\"VOID\" rules=\"NONE\" cellspacing=\"0\">\n<colgroup>\n<col width=\"265\" \/>\n<col width=\"146\" \/>\n<col width=\"158\" \/>\n<col width=\"363\" \/><\/colgroup>\n<tbody>\n<tr>\n<td align=\"LEFT\" valign=\"BOTTOM\" width=\"265\" height=\"22\"><span style=\"color: #000000; font-family: Calibri;\">KOHT<\/span><\/td>\n<td align=\"LEFT\" valign=\"BOTTOM\" width=\"146\"><span style=\"color: #000000; font-family: Calibri;\">AEG<\/span><\/td>\n<td align=\"LEFT\" valign=\"BOTTOM\" width=\"158\"><span style=\"color: #000000; font-family: Calibri;\">KOOLITUSTE ARV<\/span><\/td>\n<td align=\"LEFT\" valign=\"BOTTOM\" width=\"363\"><span style=\"color: #000000; font-family: Calibri;\">TULEMUS<\/span><\/td>\n<\/tr>\n<tr>\n<td align=\"LEFT\" valign=\"BOTTOM\" height=\"22\"><span style=\"color: #000000; font-family: Calibri;\">Viitina<\/span><\/td>\n<td align=\"LEFT\" valign=\"TOP\"><span style=\"color: #000000; font-family: Calibri;\">14.04.2018<\/span><\/td>\n<td align=\"LEFT\" valign=\"BOTTOM\"><span style=\"color: #000000; font-family: Calibri;\">2 koolitust<\/span><\/td>\n<td align=\"LEFT\" valign=\"BOTTOM\"><span style=\"color: #000000; font-family: Calibri;\">koolitused on toimunud<\/span><\/td>\n<\/tr>\n<tr>\n<td align=\"LEFT\" valign=\"BOTTOM\" height=\"39\"><span style=\"color: #444444; font-family: Calibri;\">Vastseliina<\/span><\/td>\n<td align=\"LEFT\" valign=\"BOTTOM\"><span style=\"color: #444444; font-family: Calibri;\">22.06.2018<\/span><\/td>\n<td align=\"LEFT\" valign=\"BOTTOM\"><span style=\"color: #444444; font-family: Calibri;\">2 koolitust<\/span><\/td>\n<td align=\"LEFT\" valign=\"BOTTOM\"><span style=\"color: #000000; font-family: Calibri;\">Koolitused on toimunud<\/span><\/td>\n<\/tr>\n<tr>\n<td align=\"LEFT\" valign=\"BOTTOM\" height=\"24\"><span style=\"color: #444444; font-family: Calibri;\">Antsla<\/span><\/td>\n<td align=\"LEFT\" valign=\"BOTTOM\"><span style=\"color: #444444; font-family: Calibri;\">18.08.2018<\/span><\/td>\n<td align=\"LEFT\" valign=\"BOTTOM\"><span style=\"color: #444444; font-family: Calibri;\">2 koolitust<\/span><\/td>\n<td align=\"LEFT\" valign=\"BOTTOM\"><span style=\"color: #000000; font-family: Calibri;\">Koolitused on toimunud<\/span><\/td>\n<\/tr>\n<tr>\n<td align=\"LEFT\" valign=\"BOTTOM\" height=\"24\"><span style=\"color: #444444; font-family: Calibri;\">Varstu<\/span><\/td>\n<td align=\"LEFT\" valign=\"BOTTOM\"><span style=\"color: #444444; font-family: Calibri;\">1.09.2018<\/span><\/td>\n<td align=\"LEFT\" valign=\"BOTTOM\"><span style=\"color: #444444; font-family: Calibri;\">2 koolitust<\/span><\/td>\n<td align=\"LEFT\" valign=\"BOTTOM\"><span style=\"color: #000000; font-family: Calibri;\">Koolitused on toimunud<\/span><\/td>\n<\/tr>\n<tr>\n<td align=\"LEFT\" valign=\"BOTTOM\" height=\"24\"><span style=\"color: #444444; font-family: Calibri;\">Merem\u00e4e<\/span><\/td>\n<td align=\"LEFT\" valign=\"BOTTOM\"><span style=\"color: #444444; font-family: Calibri;\">8.09.2018<\/span><\/td>\n<td align=\"LEFT\" valign=\"BOTTOM\"><span style=\"color: #444444; font-family: Calibri;\">2 koolitust<\/span><\/td>\n<td align=\"LEFT\" valign=\"BOTTOM\"><span style=\"color: #000000; font-family: Calibri;\">Koolitused on toimunud<\/span><\/td>\n<\/tr>\n<tr>\n<td align=\"LEFT\" valign=\"BOTTOM\" height=\"24\"><span style=\"color: #444444; font-family: Calibri;\">M\u00f5niste<\/span><\/td>\n<td align=\"LEFT\" valign=\"BOTTOM\"><span style=\"color: #444444; font-family: Calibri;\">15.09.2018<\/span><\/td>\n<td align=\"LEFT\" valign=\"BOTTOM\"><span style=\"color: #444444; font-family: Calibri;\">2 koolitust<\/span><\/td>\n<td align=\"LEFT\" valign=\"BOTTOM\"><span style=\"color: #000000; font-family: Calibri;\">Koolitused on toimunud<\/span><\/td>\n<\/tr>\n<tr>\n<td align=\"LEFT\" valign=\"BOTTOM\" height=\"24\"><span style=\"color: #444444; font-family: Calibri;\">Merem\u00e4e<\/span><\/td>\n<td align=\"LEFT\" valign=\"BOTTOM\"><span style=\"color: #444444; font-family: Calibri;\">13.10.2018<\/span><\/td>\n<td align=\"LEFT\" valign=\"BOTTOM\"><span style=\"color: #444444; font-family: Calibri;\">2 koolitust<\/span><\/td>\n<td align=\"LEFT\" valign=\"BOTTOM\"><span style=\"color: #000000; font-family: Calibri;\">Koolitused on toimunud<\/span><\/td>\n<\/tr>\n<tr>\n<td align=\"LEFT\" valign=\"BOTTOM\" height=\"24\"><span style=\"color: #444444; font-family: Calibri;\">Antsla<\/span><\/td>\n<td align=\"LEFT\" valign=\"BOTTOM\"><span style=\"color: #444444; font-family: Calibri;\">20.10.2018<\/span><\/td>\n<td align=\"LEFT\" valign=\"BOTTOM\"><span style=\"color: #444444; font-family: Calibri;\">1 koolitus<\/span><\/td>\n<td align=\"LEFT\" valign=\"BOTTOM\"><span style=\"color: #000000; font-family: Calibri;\">Koolitus on toimunud<\/span><\/td>\n<\/tr>\n<tr>\n<td align=\"LEFT\" valign=\"BOTTOM\" height=\"24\"><span style=\"color: #444444; font-family: Calibri;\">Vastseliina<\/span><\/td>\n<td align=\"LEFT\" valign=\"BOTTOM\"><span style=\"color: #444444; font-family: Calibri;\">21.10.2018<\/span><\/td>\n<td align=\"LEFT\" valign=\"BOTTOM\"><span style=\"color: #444444; font-family: Calibri;\">1 koolitus<\/span><\/td>\n<td align=\"LEFT\" valign=\"BOTTOM\"><span style=\"color: #000000; font-family: Calibri;\">Koolitus on toimunud<\/span><\/td>\n<\/tr>\n<tr>\n<td align=\"LEFT\" valign=\"BOTTOM\" height=\"24\"><span style=\"color: #444444; font-family: Calibri;\">Varstu<\/span><\/td>\n<td align=\"LEFT\" valign=\"BOTTOM\"><span style=\"color: #444444; font-family: Calibri;\">27.10.2018<\/span><\/td>\n<td align=\"LEFT\" valign=\"BOTTOM\"><span style=\"color: #444444; font-family: Calibri;\">1 koolitus<\/span><\/td>\n<td align=\"LEFT\" valign=\"BOTTOM\"><span style=\"color: #000000; font-family: Calibri;\">Koolitus on toimunud<\/span><\/td>\n<\/tr>\n<tr>\n<td align=\"LEFT\" valign=\"BOTTOM\" height=\"24\"><span style=\"color: #444444; font-family: Calibri;\">M\u00f5niste<\/span><\/td>\n<td align=\"LEFT\" valign=\"BOTTOM\"><span style=\"color: #444444; font-family: Calibri;\">3.11.2018<\/span><\/td>\n<td align=\"LEFT\" valign=\"BOTTOM\"><span style=\"color: #444444; font-family: Calibri;\">1 koolitus<\/span><\/td>\n<td align=\"LEFT\" valign=\"BOTTOM\"><span style=\"color: #000000; font-family: Calibri;\">Koolitus on toimunud<\/span><\/td>\n<\/tr>\n<tr>\n<td align=\"LEFT\" valign=\"BOTTOM\" height=\"24\"><span style=\"color: #444444; font-family: Calibri;\">Krabi<\/span><\/td>\n<td align=\"LEFT\" valign=\"BOTTOM\"><span style=\"color: #444444; font-family: Calibri;\">9.11.2018<\/span><\/td>\n<td align=\"LEFT\" valign=\"BOTTOM\"><span style=\"color: #444444; font-family: Calibri;\">2 koolitust<\/span><\/td>\n<td align=\"LEFT\" valign=\"BOTTOM\"><span style=\"color: #000000; font-family: Calibri;\">Koolitused on toimunud<\/span><\/td>\n<\/tr>\n<tr>\n<td align=\"LEFT\" valign=\"BOTTOM\" height=\"24\"><span style=\"color: #444444; font-family: Calibri;\">Haanja<\/span><\/td>\n<td align=\"LEFT\" valign=\"BOTTOM\"><span style=\"color: #444444; font-family: Calibri;\">20.11.2018<\/span><\/td>\n<td align=\"LEFT\" valign=\"BOTTOM\"><span style=\"color: #444444; font-family: Calibri;\">1 koolitus<\/span><\/td>\n<td align=\"LEFT\" valign=\"BOTTOM\"><span style=\"color: #000000; font-family: Calibri;\">Koolitus on toimunud<\/span><\/td>\n<\/tr>\n<tr>\n<td align=\"LEFT\" valign=\"BOTTOM\" height=\"24\"><span style=\"color: #444444; font-family: Calibri;\">Krabi<\/span><\/td>\n<td align=\"LEFT\" valign=\"BOTTOM\"><span style=\"color: #444444; font-family: Calibri;\">14.12.2018<\/span><\/td>\n<td align=\"LEFT\" valign=\"BOTTOM\"><span style=\"color: #444444; font-family: Calibri;\">1 koolitus<\/span><\/td>\n<td align=\"LEFT\" valign=\"BOTTOM\"><span style=\"color: #000000; font-family: Calibri;\">Koolitus on toimunud<\/span><\/td>\n<\/tr>\n<tr>\n<td align=\"LEFT\" valign=\"BOTTOM\" height=\"24\"><span style=\"color: #444444; font-family: Calibri;\">Vastseliina<\/span><\/td>\n<td align=\"LEFT\" valign=\"BOTTOM\"><span style=\"font-family: Calibri;\">12.01.2019<\/span><\/td>\n<td align=\"LEFT\" valign=\"BOTTOM\"><\/td>\n<td align=\"LEFT\" valign=\"BOTTOM\"><span style=\"color: #ff0000; font-family: Calibri;\">Koolitus j\u00e4i \u00e4ra <\/span><\/td>\n<\/tr>\n<tr>\n<td align=\"LEFT\" valign=\"BOTTOM\" height=\"24\"><span style=\"color: #444444; font-family: Calibri;\">M\u00f5niste<\/span><\/td>\n<td align=\"LEFT\" valign=\"BOTTOM\"><span style=\"font-family: Calibri;\">2.02.2019<\/span><\/td>\n<td align=\"LEFT\" valign=\"BOTTOM\"><\/td>\n<td align=\"LEFT\" valign=\"BOTTOM\"><span style=\"color: #ff0000; font-family: Calibri;\">Koolitus j\u00e4i \u00e4ra <\/span><\/td>\n<\/tr>\n<tr>\n<td align=\"LEFT\" valign=\"BOTTOM\" height=\"24\"><span style=\"color: #444444; font-family: Calibri;\">Krabi<\/span><\/td>\n<td align=\"LEFT\" valign=\"BOTTOM\"><span style=\"color: #444444; font-family: Calibri;\">9.02.2019<\/span><\/td>\n<td align=\"LEFT\" valign=\"BOTTOM\"><span style=\"color: #444444; font-family: Calibri;\">1 koolitus<\/span><\/td>\n<td align=\"LEFT\" valign=\"BOTTOM\"><span style=\"color: #000000; font-family: Calibri;\">Koolitus on toimunud<\/span><\/td>\n<\/tr>\n<tr>\n<td align=\"LEFT\" valign=\"BOTTOM\" height=\"24\"><span style=\"color: #444444; font-family: Calibri;\">Antsla<\/span><\/td>\n<td align=\"LEFT\" valign=\"BOTTOM\"><span style=\"color: #444444; font-family: Calibri;\">20.03.2019<\/span><\/td>\n<td align=\"LEFT\" valign=\"BOTTOM\"><\/td>\n<td align=\"LEFT\" valign=\"BOTTOM\"><span style=\"color: #ff0000; font-family: Calibri;\">Koolitus l\u00fckkus edasi 28.09.19<\/span><\/td>\n<\/tr>\n<tr>\n<td align=\"LEFT\" valign=\"BOTTOM\" height=\"24\"><span style=\"color: #444444; font-family: Calibri;\">Haanja<\/span><\/td>\n<td align=\"LEFT\" valign=\"BOTTOM\"><span style=\"color: #444444; font-family: Calibri;\">13.04.2019<\/span><\/td>\n<td align=\"LEFT\" valign=\"BOTTOM\"><\/td>\n<td align=\"LEFT\" valign=\"BOTTOM\"><span style=\"color: #ff0000; font-family: Calibri;\">Koolitus l\u00fckkus edasi 17.08.19<\/span><\/td>\n<\/tr>\n<tr>\n<td align=\"LEFT\" valign=\"BOTTOM\" height=\"24\"><span style=\"color: #444444; font-family: Calibri;\">viitina<\/span><\/td>\n<td align=\"LEFT\" valign=\"BOTTOM\"><span style=\"color: #444444; font-family: Calibri;\">15.06.2019<\/span><\/td>\n<td align=\"LEFT\" valign=\"BOTTOM\"><span style=\"color: #444444; font-family: Calibri;\">2 koolitust<\/span><\/td>\n<td align=\"LEFT\" valign=\"BOTTOM\"><span style=\"color: #000000; font-family: Calibri;\">Koolitused on toimunud<\/span><\/td>\n<\/tr>\n<tr>\n<td align=\"LEFT\" valign=\"BOTTOM\" height=\"24\"><span style=\"color: #444444; font-family: Calibri;\">Merem\u00e4e<\/span><\/td>\n<td align=\"LEFT\" valign=\"BOTTOM\"><span style=\"color: #444444; font-family: Calibri;\">21.06.2019<\/span><\/td>\n<td align=\"LEFT\" valign=\"BOTTOM\"><span style=\"color: #444444; font-family: Calibri;\">2 koolitust<\/span><\/td>\n<td align=\"LEFT\" valign=\"BOTTOM\"><span style=\"color: #000000; font-family: Calibri;\">Koolitused on toimunud<\/span><\/td>\n<\/tr>\n<tr>\n<td align=\"LEFT\" valign=\"BOTTOM\" height=\"24\"><span style=\"color: #444444; font-family: Calibri;\">Haanja<\/span><\/td>\n<td align=\"LEFT\" valign=\"BOTTOM\"><span style=\"color: #444444; font-family: Calibri;\">17.08.2019<\/span><\/td>\n<td align=\"LEFT\" valign=\"BOTTOM\"><span style=\"color: #ff0000; font-family: Calibri;\">1 koolitus<\/span><\/td>\n<td align=\"LEFT\" valign=\"BOTTOM\"><\/td>\n<\/tr>\n<tr>\n<td align=\"LEFT\" valign=\"BOTTOM\" height=\"24\"><span style=\"color: #444444; font-family: Calibri;\">viitina<\/span><\/td>\n<td align=\"LEFT\" valign=\"BOTTOM\"><span style=\"color: #444444; font-family: Calibri;\">20.08.2019<\/span><\/td>\n<td align=\"LEFT\" valign=\"BOTTOM\"><span style=\"color: #444444; font-family: Calibri;\">1 koolitus<\/span><\/td>\n<td align=\"LEFT\" valign=\"BOTTOM\"><span style=\"color: #000000; font-family: Calibri;\">\u00a0<\/span><\/td>\n<\/tr>\n<tr>\n<td align=\"LEFT\" valign=\"BOTTOM\" height=\"24\"><span style=\"color: #444444; font-family: Calibri;\">Antsla<\/span><\/td>\n<td align=\"LEFT\" valign=\"BOTTOM\"><span style=\"color: #000000; font-family: Calibri;\">28.09.2019<\/span><\/td>\n<td align=\"LEFT\" valign=\"BOTTOM\"><span style=\"color: #ff0000; font-family: Calibri;\">1 koolitus<\/span><\/td>\n<td align=\"LEFT\" valign=\"BOTTOM\"><\/td>\n<\/tr>\n<\/tbody>\n<\/table>\n","protected":false},"excerpt":{"rendered":"<p>V\u00f5rumaa Jahimeeste Seltsi ja Eesti Naisk\u00fcttide seltsi \u00fchiskoost\u00f6\u00f6 Leader projekti \u201eUlukisaaduste kasutusala laiendamine kogukonnas\u201c (viite nr 619217863114) raames toimuvad ulukiliha t\u00f6\u00f6tlemise ja &#8211; toitude valmistamise koolitused j\u00e4rgmiste jahiseltside juures j\u00e4rgnevatel aegadel: KOHT AEG KOOLITUSTE ARV TULEMUS Viitina 14.04.2018 2 koolitust&#8230; <a class=\"more-link\" href=\"https:\/\/vorujahimeesteselts.ee\/?page_id=875\">Continue Reading &rarr;<\/a><\/p>\n","protected":false},"author":1,"featured_media":0,"parent":0,"menu_order":0,"comment_status":"closed","ping_status":"closed","template":"","meta":{"ngg_post_thumbnail":0},"_links":{"self":[{"href":"https:\/\/vorujahimeesteselts.ee\/index.php?rest_route=\/wp\/v2\/pages\/875"}],"collection":[{"href":"https:\/\/vorujahimeesteselts.ee\/index.php?rest_route=\/wp\/v2\/pages"}],"about":[{"href":"https:\/\/vorujahimeesteselts.ee\/index.php?rest_route=\/wp\/v2\/types\/page"}],"author":[{"embeddable":true,"href":"https:\/\/vorujahimeesteselts.ee\/index.php?rest_route=\/wp\/v2\/users\/1"}],"replies":[{"embeddable":true,"href":"https:\/\/vorujahimeesteselts.ee\/index.php?rest_route=%2Fwp%2Fv2%2Fcomments&post=875"}],"version-history":[{"count":12,"href":"https:\/\/vorujahimeesteselts.ee\/index.php?rest_route=\/wp\/v2\/pages\/875\/revisions"}],"predecessor-version":[{"id":1271,"href":"https:\/\/vorujahimeesteselts.ee\/index.php?rest_route=\/wp\/v2\/pages\/875\/revisions\/1271"}],"wp:attachment":[{"href":"https:\/\/vorujahimeesteselts.ee\/index.php?rest_route=%2Fwp%2Fv2%2Fmedia&parent=875"}],"curies":[{"name":"wp","href":"https:\/\/api.w.org\/{rel}","templated":true}]}}